{"id":9867,"date":"2022-08-02T16:00:36","date_gmt":"2022-08-02T13:00:36","guid":{"rendered":"https:\/\/finncoin.com\/?post_type=product&#038;p=9867"},"modified":"2022-09-04T13:54:35","modified_gmt":"2022-09-04T10:54:35","slug":"5-markkaa-1963-litt-b-ilman-allekirjoituksia","status":"publish","type":"product","link":"https:\/\/finncoin.com\/fi\/product\/5-markkaa-1963-litt-b-ilman-allekirjoituksia\/","title":{"rendered":"5 Markkaa 1963 Litt B, Ilman Allekirjoituksia"},"content":{"rendered":"","protected":false},"excerpt":{"rendered":"<p>Kauppaan sis\u00e4ltyy edelt\u00e4v\u00e4 ja seuraava seteli.<\/p>\n<p>melko harvinainen<\/p>\n<p>Kunto: 01<\/p>\n","protected":false},"featured_media":9865,"template":"","meta":{"_acf_changed":false},"product_brand":[],"product_cat":[261,177],"product_tag":[],"class_list":{"0":"post-9867","1":"product","2":"type-product","3":"status-publish","4":"has-post-thumbnail","6":"product_cat-5-markkaa-fi","7":"product_cat-valmistusvirheellisia-seteleita","9":"first","10":"outofstock","11":"sold-individually","12":"shipping-taxable","13":"purchasable","14":"product-type-simple"},"acf":[],"_links":{"self":[{"href":"https:\/\/finncoin.com\/fi\/wp-json\/wp\/v2\/product\/9867","targetHints":{"allow":["GET"]}}],"collection":[{"href":"https:\/\/finncoin.com\/fi\/wp-json\/wp\/v2\/product"}],"about":[{"href":"https:\/\/finncoin.com\/fi\/wp-json\/wp\/v2\/types\/product"}],"wp:featuredmedia":[{"embeddable":true,"href":"https:\/\/finncoin.com\/fi\/wp-json\/wp\/v2\/media\/9865"}],"wp:attachment":[{"href":"https:\/\/finncoin.com\/fi\/wp-json\/wp\/v2\/media?parent=9867"}],"wp:term":[{"taxonomy":"product_brand","embeddable":true,"href":"https:\/\/finncoin.com\/fi\/wp-json\/wp\/v2\/product_brand?post=9867"},{"taxonomy":"product_cat","embeddable":true,"href":"https:\/\/finncoin.com\/fi\/wp-json\/wp\/v2\/product_cat?post=9867"},{"taxonomy":"product_tag","embeddable":true,"href":"https:\/\/finncoin.com\/fi\/wp-json\/wp\/v2\/product_tag?post=9867"}],"curies":[{"name":"wp","href":"https:\/\/api.w.org\/{rel}","templated":true}]}}