{"id":98253,"date":"2025-04-29T12:08:29","date_gmt":"2025-04-29T09:09:53","guid":{"rendered":"https:\/\/finncoin.com\/?post_type=product&#038;p=98253"},"modified":"2025-04-29T12:09:54","modified_gmt":"2025-04-29T09:09:54","slug":"itavalta-1780-marie-therese-thaler-jalkilyonti-2","status":"publish","type":"product","link":"https:\/\/finncoin.com\/fi\/product\/itavalta-1780-marie-therese-thaler-jalkilyonti-2\/","title":{"rendered":"It\u00e4valta 1780 Marie-Therese Thaler, J\u00e4lkily\u00f6nti"},"content":{"rendered":"","protected":false},"excerpt":{"rendered":"<p>Hopeaa 0,833<\/p>\n<p>40mm<\/p>\n<p>28,10g<\/p>\n<p>KM# T1<\/p>\n<p>Kunto: 1+, puhdistettu<\/p>\n","protected":false},"featured_media":98251,"template":"","meta":{"_acf_changed":false},"product_brand":[],"product_cat":[],"product_tag":[],"class_list":{"0":"post-98253","1":"product","2":"type-product","3":"status-publish","4":"has-post-thumbnail","7":"first","8":"outofstock","9":"shipping-taxable","10":"purchasable","11":"product-type-simple"},"acf":[],"_links":{"self":[{"href":"https:\/\/finncoin.com\/fi\/wp-json\/wp\/v2\/product\/98253","targetHints":{"allow":["GET"]}}],"collection":[{"href":"https:\/\/finncoin.com\/fi\/wp-json\/wp\/v2\/product"}],"about":[{"href":"https:\/\/finncoin.com\/fi\/wp-json\/wp\/v2\/types\/product"}],"wp:featuredmedia":[{"embeddable":true,"href":"https:\/\/finncoin.com\/fi\/wp-json\/wp\/v2\/media\/98251"}],"wp:attachment":[{"href":"https:\/\/finncoin.com\/fi\/wp-json\/wp\/v2\/media?parent=98253"}],"wp:term":[{"taxonomy":"product_brand","embeddable":true,"href":"https:\/\/finncoin.com\/fi\/wp-json\/wp\/v2\/product_brand?post=98253"},{"taxonomy":"product_cat","embeddable":true,"href":"https:\/\/finncoin.com\/fi\/wp-json\/wp\/v2\/product_cat?post=98253"},{"taxonomy":"product_tag","embeddable":true,"href":"https:\/\/finncoin.com\/fi\/wp-json\/wp\/v2\/product_tag?post=98253"}],"curies":[{"name":"wp","href":"https:\/\/api.w.org\/{rel}","templated":true}]}}