{"id":97809,"date":"2025-04-24T13:54:07","date_gmt":"2025-04-24T10:55:55","guid":{"rendered":"https:\/\/finncoin.com\/?post_type=product&#038;p=97809"},"modified":"2025-04-24T13:55:56","modified_gmt":"2025-04-24T10:55:56","slug":"jaakiekko-5e-2016-2015-5e-takapuolella-virhelyonti-2","status":"publish","type":"product","link":"https:\/\/finncoin.com\/fi\/product\/jaakiekko-5e-2016-2015-5e-takapuolella-virhelyonti-2\/","title":{"rendered":"J\u00e4\u00e4kiekko 5\u20ac 2016, 2015 5\u20ac takapuolella, virhely\u00f6nti"},"content":{"rendered":"","protected":false},"excerpt":{"rendered":"<p>27,25mm<\/p>\n<p>SNY 5:46.1.2 (R)<\/p>\n<p>J\u00e4\u00e4kiekko 5\u20ac pit\u00e4isi olla ly\u00f6ty vuonna 2016, mutta jotenkin on k\u00e4ytetty vuoden 2015 5\u20ac takapuolta.<\/p>\n<p>Mielenkiintoinen ja harvinainen.<\/p>\n<p>kunto: 1+<\/p>\n","protected":false},"featured_media":97807,"template":"","meta":{"_acf_changed":false},"product_brand":[],"product_cat":[237,167],"product_tag":[],"class_list":{"0":"post-97809","1":"product","2":"type-product","3":"status-publish","4":"has-post-thumbnail","6":"product_cat-eurot","7":"product_cat-virhelyonteja","9":"first","10":"instock","11":"shipping-taxable","12":"purchasable","13":"product-type-simple"},"acf":[],"_links":{"self":[{"href":"https:\/\/finncoin.com\/fi\/wp-json\/wp\/v2\/product\/97809","targetHints":{"allow":["GET"]}}],"collection":[{"href":"https:\/\/finncoin.com\/fi\/wp-json\/wp\/v2\/product"}],"about":[{"href":"https:\/\/finncoin.com\/fi\/wp-json\/wp\/v2\/types\/product"}],"wp:featuredmedia":[{"embeddable":true,"href":"https:\/\/finncoin.com\/fi\/wp-json\/wp\/v2\/media\/97807"}],"wp:attachment":[{"href":"https:\/\/finncoin.com\/fi\/wp-json\/wp\/v2\/media?parent=97809"}],"wp:term":[{"taxonomy":"product_brand","embeddable":true,"href":"https:\/\/finncoin.com\/fi\/wp-json\/wp\/v2\/product_brand?post=97809"},{"taxonomy":"product_cat","embeddable":true,"href":"https:\/\/finncoin.com\/fi\/wp-json\/wp\/v2\/product_cat?post=97809"},{"taxonomy":"product_tag","embeddable":true,"href":"https:\/\/finncoin.com\/fi\/wp-json\/wp\/v2\/product_tag?post=97809"}],"curies":[{"name":"wp","href":"https:\/\/api.w.org\/{rel}","templated":true}]}}