{"id":96987,"date":"2025-04-07T09:51:50","date_gmt":"2025-04-07T06:51:50","guid":{"rendered":"https:\/\/finncoin.com\/?post_type=product&#038;p=96987"},"modified":"2025-05-18T19:31:24","modified_gmt":"2025-05-18T16:31:24","slug":"jaakarikunniamerkki","status":"publish","type":"product","link":"https:\/\/finncoin.com\/fi\/product\/jaakarikunniamerkki\/","title":{"rendered":"J\u00e4\u00e4k\u00e4rikunniamerkki"},"content":{"rendered":"","protected":false},"excerpt":{"rendered":"<p>Hopeaa<\/p>\n<p>40 x 40mm<\/p>\n<p>Tiainen 6.6.2a<\/p>\n<p>Kunto: Tyydytt\u00e4v\u00e4, emalit ehj\u00e4t, yhden neulan kiinnitys rikki<\/p>\n","protected":false},"featured_media":96985,"template":"","meta":{"_acf_changed":false},"product_brand":[],"product_cat":[87],"product_tag":[],"class_list":{"0":"post-96987","1":"product","2":"type-product","3":"status-publish","4":"has-post-thumbnail","6":"product_cat-vapaussota-1918","8":"first","9":"outofstock","10":"shipping-taxable","11":"purchasable","12":"product-type-simple"},"acf":[],"_links":{"self":[{"href":"https:\/\/finncoin.com\/fi\/wp-json\/wp\/v2\/product\/96987","targetHints":{"allow":["GET"]}}],"collection":[{"href":"https:\/\/finncoin.com\/fi\/wp-json\/wp\/v2\/product"}],"about":[{"href":"https:\/\/finncoin.com\/fi\/wp-json\/wp\/v2\/types\/product"}],"wp:featuredmedia":[{"embeddable":true,"href":"https:\/\/finncoin.com\/fi\/wp-json\/wp\/v2\/media\/96985"}],"wp:attachment":[{"href":"https:\/\/finncoin.com\/fi\/wp-json\/wp\/v2\/media?parent=96987"}],"wp:term":[{"taxonomy":"product_brand","embeddable":true,"href":"https:\/\/finncoin.com\/fi\/wp-json\/wp\/v2\/product_brand?post=96987"},{"taxonomy":"product_cat","embeddable":true,"href":"https:\/\/finncoin.com\/fi\/wp-json\/wp\/v2\/product_cat?post=96987"},{"taxonomy":"product_tag","embeddable":true,"href":"https:\/\/finncoin.com\/fi\/wp-json\/wp\/v2\/product_tag?post=96987"}],"curies":[{"name":"wp","href":"https:\/\/api.w.org\/{rel}","templated":true}]}}