{"id":96163,"date":"2025-03-27T07:43:30","date_gmt":"2025-03-27T05:43:30","guid":{"rendered":"https:\/\/finncoin.com\/?post_type=product&#038;p=96163"},"modified":"2025-03-27T07:43:32","modified_gmt":"2025-03-27T05:43:32","slug":"venaja-pyhan-annan-ritarikunnan-risti-ii-luokka-kultaa","status":"publish","type":"product","link":"https:\/\/finncoin.com\/fi\/product\/venaja-pyhan-annan-ritarikunnan-risti-ii-luokka-kultaa\/","title":{"rendered":"Ven\u00e4j\u00e4, Pyh\u00e4n Annan Ritarikunnan Risti II Luokka (kultaa)"},"content":{"rendered":"","protected":false},"excerpt":{"rendered":"<p>14K (56) kultaa<\/p>\n<p>Valmistaja: AK (A. Keibel)<\/p>\n<p>43 x 48mm<\/p>\n<p>15,29g (ilman nauhaa)<\/p>\n<p>Kunto: Hyv\u00e4, vanha korjaus valkoisessa emalissa<\/p>\n","protected":false},"featured_media":96185,"template":"","meta":{"_acf_changed":false},"product_brand":[],"product_cat":[96],"product_tag":[],"class_list":{"0":"post-96163","1":"product","2":"type-product","3":"status-publish","4":"has-post-thumbnail","6":"product_cat-venalaiset-mitalit-1700-1917","7":"product_shipping_class-kirjeposti","9":"first","10":"instock","11":"shipping-taxable","12":"purchasable","13":"product-type-simple"},"acf":[],"_links":{"self":[{"href":"https:\/\/finncoin.com\/fi\/wp-json\/wp\/v2\/product\/96163","targetHints":{"allow":["GET"]}}],"collection":[{"href":"https:\/\/finncoin.com\/fi\/wp-json\/wp\/v2\/product"}],"about":[{"href":"https:\/\/finncoin.com\/fi\/wp-json\/wp\/v2\/types\/product"}],"wp:featuredmedia":[{"embeddable":true,"href":"https:\/\/finncoin.com\/fi\/wp-json\/wp\/v2\/media\/96185"}],"wp:attachment":[{"href":"https:\/\/finncoin.com\/fi\/wp-json\/wp\/v2\/media?parent=96163"}],"wp:term":[{"taxonomy":"product_brand","embeddable":true,"href":"https:\/\/finncoin.com\/fi\/wp-json\/wp\/v2\/product_brand?post=96163"},{"taxonomy":"product_cat","embeddable":true,"href":"https:\/\/finncoin.com\/fi\/wp-json\/wp\/v2\/product_cat?post=96163"},{"taxonomy":"product_tag","embeddable":true,"href":"https:\/\/finncoin.com\/fi\/wp-json\/wp\/v2\/product_tag?post=96163"}],"curies":[{"name":"wp","href":"https:\/\/api.w.org\/{rel}","templated":true}]}}