{"id":95951,"date":"2025-03-26T08:52:10","date_gmt":"2025-03-26T06:53:59","guid":{"rendered":"https:\/\/finncoin.com\/?post_type=product&#038;p=95951"},"modified":"2025-03-26T08:54:02","modified_gmt":"2025-03-26T06:54:02","slug":"jaakaritykistorykmentin-merkki-1918","status":"publish","type":"product","link":"https:\/\/finncoin.com\/fi\/product\/jaakaritykistorykmentin-merkki-1918\/","title":{"rendered":"J\u00e4\u00e4k\u00e4ritykist\u00f6rykmentin merkki 1918"},"content":{"rendered":"","protected":false},"excerpt":{"rendered":"<p>Hopeaa (0,813)<\/p>\n<p>32 x 21mm<\/p>\n<p>Tiainen 6.1.20a<\/p>\n<p>Kunto: Hyv\u00e4, emalit ehj\u00e4t<\/p>\n","protected":false},"featured_media":95949,"template":"","meta":{"_acf_changed":false},"product_brand":[],"product_cat":[87],"product_tag":[],"class_list":{"0":"post-95951","1":"product","2":"type-product","3":"status-publish","4":"has-post-thumbnail","6":"product_cat-vapaussota-1918","8":"first","9":"instock","10":"shipping-taxable","11":"purchasable","12":"product-type-simple"},"acf":[],"_links":{"self":[{"href":"https:\/\/finncoin.com\/fi\/wp-json\/wp\/v2\/product\/95951","targetHints":{"allow":["GET"]}}],"collection":[{"href":"https:\/\/finncoin.com\/fi\/wp-json\/wp\/v2\/product"}],"about":[{"href":"https:\/\/finncoin.com\/fi\/wp-json\/wp\/v2\/types\/product"}],"wp:featuredmedia":[{"embeddable":true,"href":"https:\/\/finncoin.com\/fi\/wp-json\/wp\/v2\/media\/95949"}],"wp:attachment":[{"href":"https:\/\/finncoin.com\/fi\/wp-json\/wp\/v2\/media?parent=95951"}],"wp:term":[{"taxonomy":"product_brand","embeddable":true,"href":"https:\/\/finncoin.com\/fi\/wp-json\/wp\/v2\/product_brand?post=95951"},{"taxonomy":"product_cat","embeddable":true,"href":"https:\/\/finncoin.com\/fi\/wp-json\/wp\/v2\/product_cat?post=95951"},{"taxonomy":"product_tag","embeddable":true,"href":"https:\/\/finncoin.com\/fi\/wp-json\/wp\/v2\/product_tag?post=95951"}],"curies":[{"name":"wp","href":"https:\/\/api.w.org\/{rel}","templated":true}]}}