{"id":94985,"date":"2025-03-17T12:50:53","date_gmt":"2025-03-17T10:53:47","guid":{"rendered":"https:\/\/finncoin.com\/?post_type=product&#038;p=94985"},"modified":"2025-03-17T12:53:49","modified_gmt":"2025-03-17T10:53:49","slug":"toimitsijamerkki-pronssi-helsingin-olympialaiset-1952-sihteeristo","status":"publish","type":"product","link":"https:\/\/finncoin.com\/fi\/product\/toimitsijamerkki-pronssi-helsingin-olympialaiset-1952-sihteeristo\/","title":{"rendered":"Toimitsijamerkki pronssi Helsingin Olympialaiset 1952, Sihteerist\u00f6"},"content":{"rendered":"","protected":false},"excerpt":{"rendered":"<p>Pronssia ja emalit<\/p>\n<p>31,5 x 114mm<\/p>\n<p>Kunto: Tyydytt\u00e4v\u00e4, repeytymi\u00e4<\/p>\n","protected":false},"featured_media":94983,"template":"","meta":{"_acf_changed":false},"product_brand":[],"product_cat":[91],"product_tag":[],"class_list":{"0":"post-94985","1":"product","2":"type-product","3":"status-publish","4":"has-post-thumbnail","6":"product_cat-olympia","8":"first","9":"instock","10":"shipping-taxable","11":"purchasable","12":"product-type-simple"},"acf":[],"_links":{"self":[{"href":"https:\/\/finncoin.com\/fi\/wp-json\/wp\/v2\/product\/94985","targetHints":{"allow":["GET"]}}],"collection":[{"href":"https:\/\/finncoin.com\/fi\/wp-json\/wp\/v2\/product"}],"about":[{"href":"https:\/\/finncoin.com\/fi\/wp-json\/wp\/v2\/types\/product"}],"wp:featuredmedia":[{"embeddable":true,"href":"https:\/\/finncoin.com\/fi\/wp-json\/wp\/v2\/media\/94983"}],"wp:attachment":[{"href":"https:\/\/finncoin.com\/fi\/wp-json\/wp\/v2\/media?parent=94985"}],"wp:term":[{"taxonomy":"product_brand","embeddable":true,"href":"https:\/\/finncoin.com\/fi\/wp-json\/wp\/v2\/product_brand?post=94985"},{"taxonomy":"product_cat","embeddable":true,"href":"https:\/\/finncoin.com\/fi\/wp-json\/wp\/v2\/product_cat?post=94985"},{"taxonomy":"product_tag","embeddable":true,"href":"https:\/\/finncoin.com\/fi\/wp-json\/wp\/v2\/product_tag?post=94985"}],"curies":[{"name":"wp","href":"https:\/\/api.w.org\/{rel}","templated":true}]}}