{"id":94817,"date":"2025-03-14T09:36:25","date_gmt":"2025-03-14T07:37:04","guid":{"rendered":"https:\/\/finncoin.com\/?post_type=product&#038;p=94817"},"modified":"2025-03-14T09:37:08","modified_gmt":"2025-03-14T07:37:08","slug":"venaja-luoteis-venaja-1919-1000-ruplaa-pmg-65-epq-3","status":"publish","type":"product","link":"https:\/\/finncoin.com\/fi\/product\/venaja-luoteis-venaja-1919-1000-ruplaa-pmg-65-epq-3\/","title":{"rendered":"Ven\u00e4j\u00e4, Luoteis-Ven\u00e4j\u00e4 1919 1000 Ruplaa PMG 65 EPQ"},"content":{"rendered":"","protected":false},"excerpt":{"rendered":"<p>Pick#\u00a0 S210<\/p>\n<p>Kunto: PMG 65 EPQ \/ kl 0<\/p>\n","protected":false},"featured_media":94815,"template":"","meta":{"_acf_changed":false},"product_brand":[],"product_cat":[227],"product_tag":[],"class_list":{"0":"post-94817","1":"product","2":"type-product","3":"status-publish","4":"has-post-thumbnail","6":"product_cat-keisarillisen-venaja","8":"first","9":"instock","10":"shipping-taxable","11":"purchasable","12":"product-type-simple"},"acf":[],"_links":{"self":[{"href":"https:\/\/finncoin.com\/fi\/wp-json\/wp\/v2\/product\/94817","targetHints":{"allow":["GET"]}}],"collection":[{"href":"https:\/\/finncoin.com\/fi\/wp-json\/wp\/v2\/product"}],"about":[{"href":"https:\/\/finncoin.com\/fi\/wp-json\/wp\/v2\/types\/product"}],"wp:featuredmedia":[{"embeddable":true,"href":"https:\/\/finncoin.com\/fi\/wp-json\/wp\/v2\/media\/94815"}],"wp:attachment":[{"href":"https:\/\/finncoin.com\/fi\/wp-json\/wp\/v2\/media?parent=94817"}],"wp:term":[{"taxonomy":"product_brand","embeddable":true,"href":"https:\/\/finncoin.com\/fi\/wp-json\/wp\/v2\/product_brand?post=94817"},{"taxonomy":"product_cat","embeddable":true,"href":"https:\/\/finncoin.com\/fi\/wp-json\/wp\/v2\/product_cat?post=94817"},{"taxonomy":"product_tag","embeddable":true,"href":"https:\/\/finncoin.com\/fi\/wp-json\/wp\/v2\/product_tag?post=94817"}],"curies":[{"name":"wp","href":"https:\/\/api.w.org\/{rel}","templated":true}]}}