{"id":8837,"date":"2022-07-25T09:58:53","date_gmt":"2022-07-25T06:58:53","guid":{"rendered":"https:\/\/finncoin.com\/?post_type=product&#038;p=8837"},"modified":"2022-09-19T15:39:17","modified_gmt":"2022-09-19T12:39:17","slug":"espanja-1987-500-pesetas-koerahat-2","status":"publish","type":"product","link":"https:\/\/finncoin.com\/fi\/product\/espanja-1987-500-pesetas-koerahat-2\/","title":{"rendered":"Espanja 1987 500 Pesetas Koerahat"},"content":{"rendered":"","protected":false},"excerpt":{"rendered":"<p>Kunto: Hyv\u00e4. Kotelo tyydytt\u00e4v\u00e4ss\u00e4 kunnossa<\/p>\n","protected":false},"featured_media":8859,"template":"","meta":{"_acf_changed":false},"product_brand":[],"product_cat":[360],"product_tag":[],"class_list":{"0":"post-8837","1":"product","2":"type-product","3":"status-publish","4":"has-post-thumbnail","6":"product_cat-espanja","8":"first","9":"instock","10":"sold-individually","11":"shipping-taxable","12":"purchasable","13":"product-type-simple"},"acf":[],"_links":{"self":[{"href":"https:\/\/finncoin.com\/fi\/wp-json\/wp\/v2\/product\/8837","targetHints":{"allow":["GET"]}}],"collection":[{"href":"https:\/\/finncoin.com\/fi\/wp-json\/wp\/v2\/product"}],"about":[{"href":"https:\/\/finncoin.com\/fi\/wp-json\/wp\/v2\/types\/product"}],"wp:featuredmedia":[{"embeddable":true,"href":"https:\/\/finncoin.com\/fi\/wp-json\/wp\/v2\/media\/8859"}],"wp:attachment":[{"href":"https:\/\/finncoin.com\/fi\/wp-json\/wp\/v2\/media?parent=8837"}],"wp:term":[{"taxonomy":"product_brand","embeddable":true,"href":"https:\/\/finncoin.com\/fi\/wp-json\/wp\/v2\/product_brand?post=8837"},{"taxonomy":"product_cat","embeddable":true,"href":"https:\/\/finncoin.com\/fi\/wp-json\/wp\/v2\/product_cat?post=8837"},{"taxonomy":"product_tag","embeddable":true,"href":"https:\/\/finncoin.com\/fi\/wp-json\/wp\/v2\/product_tag?post=8837"}],"curies":[{"name":"wp","href":"https:\/\/api.w.org\/{rel}","templated":true}]}}