{"id":8835,"date":"2022-07-25T09:48:08","date_gmt":"2022-07-25T06:50:55","guid":{"rendered":"https:\/\/finncoin.com\/?post_type=product&#038;p=8835"},"modified":"2022-09-19T15:34:11","modified_gmt":"2022-09-19T12:34:11","slug":"espanja-1987-500-pesetas-koerahat","status":"publish","type":"product","link":"https:\/\/finncoin.com\/fi\/product\/espanja-1987-500-pesetas-koerahat\/","title":{"rendered":"Espanja 1987 500 Pesetas Koerahat"},"content":{"rendered":"","protected":false},"excerpt":{"rendered":"<p>Kunto: Hyv\u00e4. Kotelo tyydytt\u00e4v\u00e4ss\u00e4 kunnossa<\/p>\n","protected":false},"featured_media":8833,"template":"","meta":{"_acf_changed":false},"product_brand":[],"product_cat":[360,358],"product_tag":[],"class_list":{"0":"post-8835","1":"product","2":"type-product","3":"status-publish","4":"has-post-thumbnail","6":"product_cat-espanja","7":"product_cat-spain","8":"product_shipping_class-pakettiposti","10":"first","11":"instock","12":"sold-individually","13":"shipping-taxable","14":"purchasable","15":"product-type-simple"},"acf":[],"_links":{"self":[{"href":"https:\/\/finncoin.com\/fi\/wp-json\/wp\/v2\/product\/8835","targetHints":{"allow":["GET"]}}],"collection":[{"href":"https:\/\/finncoin.com\/fi\/wp-json\/wp\/v2\/product"}],"about":[{"href":"https:\/\/finncoin.com\/fi\/wp-json\/wp\/v2\/types\/product"}],"wp:featuredmedia":[{"embeddable":true,"href":"https:\/\/finncoin.com\/fi\/wp-json\/wp\/v2\/media\/8833"}],"wp:attachment":[{"href":"https:\/\/finncoin.com\/fi\/wp-json\/wp\/v2\/media?parent=8835"}],"wp:term":[{"taxonomy":"product_brand","embeddable":true,"href":"https:\/\/finncoin.com\/fi\/wp-json\/wp\/v2\/product_brand?post=8835"},{"taxonomy":"product_cat","embeddable":true,"href":"https:\/\/finncoin.com\/fi\/wp-json\/wp\/v2\/product_cat?post=8835"},{"taxonomy":"product_tag","embeddable":true,"href":"https:\/\/finncoin.com\/fi\/wp-json\/wp\/v2\/product_tag?post=8835"}],"curies":[{"name":"wp","href":"https:\/\/api.w.org\/{rel}","templated":true}]}}