{"id":88343,"date":"2024-12-19T08:58:24","date_gmt":"2024-12-19T06:58:24","guid":{"rendered":"https:\/\/finncoin.com\/?post_type=product&#038;p=88343"},"modified":"2026-02-10T15:41:40","modified_gmt":"2026-02-10T13:41:40","slug":"suojeluskunnan-hameenlinnan-iii-alue-ja-paikallispaallikko-kurssimerkki","status":"publish","type":"product","link":"https:\/\/finncoin.com\/fi\/product\/suojeluskunnan-hameenlinnan-iii-alue-ja-paikallispaallikko-kurssimerkki\/","title":{"rendered":"Suojeluskunnan H\u00e4meenlinnan III alue-ja paikallisp\u00e4\u00e4llikk\u00f6 kurssimerkki"},"content":{"rendered":"","protected":false},"excerpt":{"rendered":"<p>Hopeaa<\/p>\n<p>32 x 29 mm<\/p>\n<p>P5 &#8211; 1920<\/p>\n<p>Kunto: Hyv\u00e4, emalit ehj\u00e4t<\/p>\n","protected":false},"featured_media":88353,"template":"","meta":{"_acf_changed":false},"product_brand":[],"product_cat":[181,83],"product_tag":[],"class_list":{"0":"post-88343","1":"product","2":"type-product","3":"status-publish","4":"has-post-thumbnail","6":"product_cat-kurssimerkit","7":"product_cat-suojeluskunta","8":"product_shipping_class-kirjeposti","10":"first","11":"outofstock","12":"shipping-taxable","13":"purchasable","14":"product-type-simple"},"acf":[],"_links":{"self":[{"href":"https:\/\/finncoin.com\/fi\/wp-json\/wp\/v2\/product\/88343","targetHints":{"allow":["GET"]}}],"collection":[{"href":"https:\/\/finncoin.com\/fi\/wp-json\/wp\/v2\/product"}],"about":[{"href":"https:\/\/finncoin.com\/fi\/wp-json\/wp\/v2\/types\/product"}],"wp:featuredmedia":[{"embeddable":true,"href":"https:\/\/finncoin.com\/fi\/wp-json\/wp\/v2\/media\/88353"}],"wp:attachment":[{"href":"https:\/\/finncoin.com\/fi\/wp-json\/wp\/v2\/media?parent=88343"}],"wp:term":[{"taxonomy":"product_brand","embeddable":true,"href":"https:\/\/finncoin.com\/fi\/wp-json\/wp\/v2\/product_brand?post=88343"},{"taxonomy":"product_cat","embeddable":true,"href":"https:\/\/finncoin.com\/fi\/wp-json\/wp\/v2\/product_cat?post=88343"},{"taxonomy":"product_tag","embeddable":true,"href":"https:\/\/finncoin.com\/fi\/wp-json\/wp\/v2\/product_tag?post=88343"}],"curies":[{"name":"wp","href":"https:\/\/api.w.org\/{rel}","templated":true}]}}