{"id":86867,"date":"2024-12-04T15:01:51","date_gmt":"2024-12-04T13:01:51","guid":{"rendered":"https:\/\/finncoin.com\/?post_type=product&#038;p=86867"},"modified":"2024-12-04T15:01:51","modified_gmt":"2024-12-04T13:01:51","slug":"10-markkaa-1980-litt-a-vesileima-oikealla-3","status":"publish","type":"product","link":"https:\/\/finncoin.com\/fi\/product\/10-markkaa-1980-litt-a-vesileima-oikealla-3\/","title":{"rendered":"10 Markkaa 1980 Litt A, vesileima oikealla"},"content":{"rendered":"","protected":false},"excerpt":{"rendered":"<p>Paasikiven vesileiman tulisi olla keskitettyn\u00e4 valkoisen sis\u00e4\u00e4n, mutta t\u00e4ss\u00e4 seteliss\u00e4 se on enemm\u00e4n oikealla.<\/p>\n<p>Kunto: 1<\/p>\n","protected":false},"featured_media":86881,"template":"","meta":{"_acf_changed":false},"product_brand":[],"product_cat":[177],"product_tag":[],"class_list":{"0":"post-86867","1":"product","2":"type-product","3":"status-publish","4":"has-post-thumbnail","6":"product_cat-valmistusvirheellisia-seteleita","7":"product_shipping_class-kirjeposti","9":"first","10":"instock","11":"shipping-taxable","12":"purchasable","13":"product-type-simple"},"acf":[],"_links":{"self":[{"href":"https:\/\/finncoin.com\/fi\/wp-json\/wp\/v2\/product\/86867","targetHints":{"allow":["GET"]}}],"collection":[{"href":"https:\/\/finncoin.com\/fi\/wp-json\/wp\/v2\/product"}],"about":[{"href":"https:\/\/finncoin.com\/fi\/wp-json\/wp\/v2\/types\/product"}],"wp:featuredmedia":[{"embeddable":true,"href":"https:\/\/finncoin.com\/fi\/wp-json\/wp\/v2\/media\/86881"}],"wp:attachment":[{"href":"https:\/\/finncoin.com\/fi\/wp-json\/wp\/v2\/media?parent=86867"}],"wp:term":[{"taxonomy":"product_brand","embeddable":true,"href":"https:\/\/finncoin.com\/fi\/wp-json\/wp\/v2\/product_brand?post=86867"},{"taxonomy":"product_cat","embeddable":true,"href":"https:\/\/finncoin.com\/fi\/wp-json\/wp\/v2\/product_cat?post=86867"},{"taxonomy":"product_tag","embeddable":true,"href":"https:\/\/finncoin.com\/fi\/wp-json\/wp\/v2\/product_tag?post=86867"}],"curies":[{"name":"wp","href":"https:\/\/api.w.org\/{rel}","templated":true}]}}