{"id":85447,"date":"2024-11-21T11:52:05","date_gmt":"2024-11-21T09:52:05","guid":{"rendered":"https:\/\/finncoin.com\/?post_type=product&#038;p=85447"},"modified":"2024-11-21T11:52:05","modified_gmt":"2024-11-21T09:52:05","slug":"suomen-lentomerkki-konekivaariampujalle-ja-tahystajalle","status":"publish","type":"product","link":"https:\/\/finncoin.com\/fi\/product\/suomen-lentomerkki-konekivaariampujalle-ja-tahystajalle\/","title":{"rendered":"Suomen lentomerkki konekiv\u00e4\u00e4riampujalle ja t\u00e4hyst\u00e4j\u00e4lle"},"content":{"rendered":"","protected":false},"excerpt":{"rendered":"<p>Valkometallia<\/p>\n<p>40 x 52mm<\/p>\n<p>Jakamaton kappale<\/p>\n<p>Kunto: Hyv\u00e4<\/p>\n","protected":false},"featured_media":85461,"template":"","meta":{"_acf_changed":false},"product_brand":[],"product_cat":[672],"product_tag":[],"class_list":{"0":"post-85447","1":"product","2":"type-product","3":"status-publish","4":"has-post-thumbnail","6":"product_cat-ilmavoimat","7":"product_shipping_class-kirjeposti","9":"first","10":"instock","11":"shipping-taxable","12":"purchasable","13":"product-type-simple"},"acf":[],"_links":{"self":[{"href":"https:\/\/finncoin.com\/fi\/wp-json\/wp\/v2\/product\/85447","targetHints":{"allow":["GET"]}}],"collection":[{"href":"https:\/\/finncoin.com\/fi\/wp-json\/wp\/v2\/product"}],"about":[{"href":"https:\/\/finncoin.com\/fi\/wp-json\/wp\/v2\/types\/product"}],"wp:featuredmedia":[{"embeddable":true,"href":"https:\/\/finncoin.com\/fi\/wp-json\/wp\/v2\/media\/85461"}],"wp:attachment":[{"href":"https:\/\/finncoin.com\/fi\/wp-json\/wp\/v2\/media?parent=85447"}],"wp:term":[{"taxonomy":"product_brand","embeddable":true,"href":"https:\/\/finncoin.com\/fi\/wp-json\/wp\/v2\/product_brand?post=85447"},{"taxonomy":"product_cat","embeddable":true,"href":"https:\/\/finncoin.com\/fi\/wp-json\/wp\/v2\/product_cat?post=85447"},{"taxonomy":"product_tag","embeddable":true,"href":"https:\/\/finncoin.com\/fi\/wp-json\/wp\/v2\/product_tag?post=85447"}],"curies":[{"name":"wp","href":"https:\/\/api.w.org\/{rel}","templated":true}]}}