{"id":83987,"date":"2024-11-01T11:03:25","date_gmt":"2024-11-01T09:03:25","guid":{"rendered":"https:\/\/finncoin.com\/?post_type=product&#038;p=83987"},"modified":"2024-11-01T11:03:26","modified_gmt":"2024-11-01T09:03:26","slug":"ruotsin-liivinmaa-solidus-vuosi-12-suceava-vaarennos-4","status":"publish","type":"product","link":"https:\/\/finncoin.com\/fi\/product\/ruotsin-liivinmaa-solidus-vuosi-12-suceava-vaarennos-4\/","title":{"rendered":"Ruotsin Liivinmaa, Solidus \u201dvuosi 12\u201d Suceava V\u00e4\u00e4renn\u00f6s"},"content":{"rendered":"","protected":false},"excerpt":{"rendered":"<div>\n<div>Vuonna 1662 Eustratie Dabijan (1661-1665) aikana Suceavan rahapaja avattiin uudelleen Moldoviassa. Rahapaja l\u00f6i monia liivilaisia \u200b\u200bsoliduspalojen v\u00e4\u00e4renn\u00f6ksi\u00e4 vuosilta 1665-1672.<\/div>\n<div><\/div>\n<div>N\u00e4m\u00e4 kolikot eroavat alkuper\u00e4isist\u00e4 kappaleista muutamilla tavoilla. 1. ne n\u00e4ytt\u00e4v\u00e4t paljon kuparimaisemmilta 2. niill\u00e4 on tyypillisesti kuvitteellisia p\u00e4iv\u00e4m\u00e4\u00e4ri\u00e4.<\/div>\n<\/div>\n<div>Billion<\/div>\n<div><\/div>\n<div>15mm<\/div>\n<p>Haljak II#\u202f1607<\/p>\n<p>Kunto: 1\/1+<\/p>\n","protected":false},"featured_media":83997,"template":"","meta":{"_acf_changed":false},"product_brand":[],"product_cat":[171],"product_tag":[],"class_list":{"0":"post-83987","1":"product","2":"type-product","3":"status-publish","4":"has-post-thumbnail","6":"product_cat-baltian-maat","7":"product_shipping_class-kirjeposti","9":"first","10":"instock","11":"shipping-taxable","12":"purchasable","13":"product-type-simple"},"acf":[],"_links":{"self":[{"href":"https:\/\/finncoin.com\/fi\/wp-json\/wp\/v2\/product\/83987","targetHints":{"allow":["GET"]}}],"collection":[{"href":"https:\/\/finncoin.com\/fi\/wp-json\/wp\/v2\/product"}],"about":[{"href":"https:\/\/finncoin.com\/fi\/wp-json\/wp\/v2\/types\/product"}],"wp:featuredmedia":[{"embeddable":true,"href":"https:\/\/finncoin.com\/fi\/wp-json\/wp\/v2\/media\/83997"}],"wp:attachment":[{"href":"https:\/\/finncoin.com\/fi\/wp-json\/wp\/v2\/media?parent=83987"}],"wp:term":[{"taxonomy":"product_brand","embeddable":true,"href":"https:\/\/finncoin.com\/fi\/wp-json\/wp\/v2\/product_brand?post=83987"},{"taxonomy":"product_cat","embeddable":true,"href":"https:\/\/finncoin.com\/fi\/wp-json\/wp\/v2\/product_cat?post=83987"},{"taxonomy":"product_tag","embeddable":true,"href":"https:\/\/finncoin.com\/fi\/wp-json\/wp\/v2\/product_tag?post=83987"}],"curies":[{"name":"wp","href":"https:\/\/api.w.org\/{rel}","templated":true}]}}