{"id":83985,"date":"2024-11-01T10:34:02","date_gmt":"2024-11-01T08:34:53","guid":{"rendered":"https:\/\/finncoin.com\/?post_type=product&#038;p=83985"},"modified":"2024-11-01T10:34:54","modified_gmt":"2024-11-01T08:34:54","slug":"ruotsin-liivinmaa-solidus-vuosi-12-suceava-vaarennos-3","status":"publish","type":"product","link":"https:\/\/finncoin.com\/fi\/product\/ruotsin-liivinmaa-solidus-vuosi-12-suceava-vaarennos-3\/","title":{"rendered":"Ruotsin Liivinmaa, Solidus \u201dvuosi 12\u201d Suceava V\u00e4\u00e4renn\u00f6s"},"content":{"rendered":"","protected":false},"excerpt":{"rendered":"<div>\n<div>Vuonna 1662 Eustratie Dabijan (1661-1665) aikana Suceavan rahapaja avattiin uudelleen Moldoviassa. Rahapaja l\u00f6i monia liivilaisia \u200b\u200bsoliduspalojen v\u00e4\u00e4renn\u00f6ksi\u00e4 vuosilta 1665-1672.<\/div>\n<div><\/div>\n<div>N\u00e4m\u00e4 kolikot eroavat alkuper\u00e4isist\u00e4 kappaleista muutamilla tavoilla. 1. ne n\u00e4ytt\u00e4v\u00e4t paljon kuparimaisemmilta 2. niill\u00e4 on tyypillisesti kuvitteellisia p\u00e4iv\u00e4m\u00e4\u00e4ri\u00e4.<\/div>\n<\/div>\n<div>Billion<\/div>\n<div><\/div>\n<div>15mm<\/div>\n<p>Haljak II#\u202f1607<\/p>\n<p>Kunto: 1<\/p>\n","protected":false},"featured_media":83983,"template":"","meta":{"_acf_changed":false},"product_brand":[],"product_cat":[171],"product_tag":[],"class_list":{"0":"post-83985","1":"product","2":"type-product","3":"status-publish","4":"has-post-thumbnail","6":"product_cat-baltian-maat","8":"first","9":"instock","10":"shipping-taxable","11":"purchasable","12":"product-type-simple"},"acf":[],"_links":{"self":[{"href":"https:\/\/finncoin.com\/fi\/wp-json\/wp\/v2\/product\/83985","targetHints":{"allow":["GET"]}}],"collection":[{"href":"https:\/\/finncoin.com\/fi\/wp-json\/wp\/v2\/product"}],"about":[{"href":"https:\/\/finncoin.com\/fi\/wp-json\/wp\/v2\/types\/product"}],"wp:featuredmedia":[{"embeddable":true,"href":"https:\/\/finncoin.com\/fi\/wp-json\/wp\/v2\/media\/83983"}],"wp:attachment":[{"href":"https:\/\/finncoin.com\/fi\/wp-json\/wp\/v2\/media?parent=83985"}],"wp:term":[{"taxonomy":"product_brand","embeddable":true,"href":"https:\/\/finncoin.com\/fi\/wp-json\/wp\/v2\/product_brand?post=83985"},{"taxonomy":"product_cat","embeddable":true,"href":"https:\/\/finncoin.com\/fi\/wp-json\/wp\/v2\/product_cat?post=83985"},{"taxonomy":"product_tag","embeddable":true,"href":"https:\/\/finncoin.com\/fi\/wp-json\/wp\/v2\/product_tag?post=83985"}],"curies":[{"name":"wp","href":"https:\/\/api.w.org\/{rel}","templated":true}]}}