{"id":80749,"date":"2024-09-30T11:50:59","date_gmt":"2024-09-30T08:51:43","guid":{"rendered":"https:\/\/finncoin.com\/?post_type=product&#038;p=80749"},"modified":"2024-09-30T11:51:43","modified_gmt":"2024-09-30T08:51:43","slug":"ruotsin-liivinmaa-solidus-vuosi-12-suceava-vaarennos-2","status":"publish","type":"product","link":"https:\/\/finncoin.com\/fi\/product\/ruotsin-liivinmaa-solidus-vuosi-12-suceava-vaarennos-2\/","title":{"rendered":"Ruotsin Liivinmaa, Solidus \u201dvuosi 12\u201d Suceava V\u00e4\u00e4renn\u00f6s"},"content":{"rendered":"","protected":false},"excerpt":{"rendered":"<div>\n<div>Vuonna 1662 Eustratie Dabijan (1661-1665) aikana Suceavan rahapaja avattiin uudelleen Moldoviassa. Rahapaja l\u00f6i monia liivilaisia \u200b\u200bsoliduspalojen v\u00e4\u00e4renn\u00f6ksi\u00e4 vuosilta 1665-1672.<\/div>\n<div><\/div>\n<div>N\u00e4m\u00e4 kolikot eroavat alkuper\u00e4isist\u00e4 kappaleista muutamilla tavoilla. 1. ne n\u00e4ytt\u00e4v\u00e4t paljon kuparimaisemmilta 2. niill\u00e4 on tyypillisesti kuvitteellisia p\u00e4iv\u00e4m\u00e4\u00e4ri\u00e4.<\/div>\n<\/div>\n<div>Billion<\/div>\n<div><\/div>\n<div>15mm<\/div>\n<p>Haljak II#\u202f1607<\/p>\n<p>Kunto: 1+<\/p>\n","protected":false},"featured_media":80747,"template":"","meta":{"_acf_changed":false},"product_brand":[],"product_cat":[171],"product_tag":[],"class_list":{"0":"post-80749","1":"product","2":"type-product","3":"status-publish","4":"has-post-thumbnail","6":"product_cat-baltian-maat","8":"first","9":"instock","10":"shipping-taxable","11":"purchasable","12":"product-type-simple"},"acf":[],"_links":{"self":[{"href":"https:\/\/finncoin.com\/fi\/wp-json\/wp\/v2\/product\/80749","targetHints":{"allow":["GET"]}}],"collection":[{"href":"https:\/\/finncoin.com\/fi\/wp-json\/wp\/v2\/product"}],"about":[{"href":"https:\/\/finncoin.com\/fi\/wp-json\/wp\/v2\/types\/product"}],"wp:featuredmedia":[{"embeddable":true,"href":"https:\/\/finncoin.com\/fi\/wp-json\/wp\/v2\/media\/80747"}],"wp:attachment":[{"href":"https:\/\/finncoin.com\/fi\/wp-json\/wp\/v2\/media?parent=80749"}],"wp:term":[{"taxonomy":"product_brand","embeddable":true,"href":"https:\/\/finncoin.com\/fi\/wp-json\/wp\/v2\/product_brand?post=80749"},{"taxonomy":"product_cat","embeddable":true,"href":"https:\/\/finncoin.com\/fi\/wp-json\/wp\/v2\/product_cat?post=80749"},{"taxonomy":"product_tag","embeddable":true,"href":"https:\/\/finncoin.com\/fi\/wp-json\/wp\/v2\/product_tag?post=80749"}],"curies":[{"name":"wp","href":"https:\/\/api.w.org\/{rel}","templated":true}]}}