{"id":78127,"date":"2024-08-29T09:46:55","date_gmt":"2024-08-29T06:50:18","guid":{"rendered":"https:\/\/finncoin.com\/?post_type=product&#038;p=78127"},"modified":"2024-08-29T09:50:19","modified_gmt":"2024-08-29T06:50:19","slug":"aleksanteri-iii-kokovenalainen-taide-ja-teollisuusnayttely-moskovassa-1882-pronssimitali","status":"publish","type":"product","link":"https:\/\/finncoin.com\/fi\/product\/aleksanteri-iii-kokovenalainen-taide-ja-teollisuusnayttely-moskovassa-1882-pronssimitali\/","title":{"rendered":"Aleksanteri III, Kokoven\u00e4l\u00e4inen taide ja teollisuusn\u00e4yttely Moskovassa 1882, pronssimitali"},"content":{"rendered":"","protected":false},"excerpt":{"rendered":"<p>Kullattua pronssia<\/p>\n<p>46mm<\/p>\n<p>44,07g<\/p>\n<p>Diakov 930.5<\/p>\n<p>Kunto: 01\/0<\/p>\n","protected":false},"featured_media":78125,"template":"","meta":{"_acf_changed":false},"product_brand":[],"product_cat":[249,96],"product_tag":[],"class_list":{"0":"post-78127","1":"product","2":"type-product","3":"status-publish","4":"has-post-thumbnail","6":"product_cat-exonumia-fi","7":"product_cat-venalaiset-mitalit-1700-1917","9":"first","10":"instock","11":"shipping-taxable","12":"purchasable","13":"product-type-simple"},"acf":[],"_links":{"self":[{"href":"https:\/\/finncoin.com\/fi\/wp-json\/wp\/v2\/product\/78127","targetHints":{"allow":["GET"]}}],"collection":[{"href":"https:\/\/finncoin.com\/fi\/wp-json\/wp\/v2\/product"}],"about":[{"href":"https:\/\/finncoin.com\/fi\/wp-json\/wp\/v2\/types\/product"}],"wp:featuredmedia":[{"embeddable":true,"href":"https:\/\/finncoin.com\/fi\/wp-json\/wp\/v2\/media\/78125"}],"wp:attachment":[{"href":"https:\/\/finncoin.com\/fi\/wp-json\/wp\/v2\/media?parent=78127"}],"wp:term":[{"taxonomy":"product_brand","embeddable":true,"href":"https:\/\/finncoin.com\/fi\/wp-json\/wp\/v2\/product_brand?post=78127"},{"taxonomy":"product_cat","embeddable":true,"href":"https:\/\/finncoin.com\/fi\/wp-json\/wp\/v2\/product_cat?post=78127"},{"taxonomy":"product_tag","embeddable":true,"href":"https:\/\/finncoin.com\/fi\/wp-json\/wp\/v2\/product_tag?post=78127"}],"curies":[{"name":"wp","href":"https:\/\/api.w.org\/{rel}","templated":true}]}}