{"id":77895,"date":"2024-08-27T14:09:47","date_gmt":"2024-08-27T11:18:29","guid":{"rendered":"https:\/\/finncoin.com\/?post_type=product&#038;p=77895"},"modified":"2024-08-27T14:18:29","modified_gmt":"2024-08-27T11:18:29","slug":"100-markkaa-1986-varivirhe","status":"publish","type":"product","link":"https:\/\/finncoin.com\/fi\/product\/100-markkaa-1986-varivirhe\/","title":{"rendered":"100 Markkaa 1986 V\u00e4rivirhe"},"content":{"rendered":"","protected":false},"excerpt":{"rendered":"<p>T\u00e4m\u00e4n setelin etupuoli on huomattavasti sinisempi kuin normaali 1986 100 Markkaa. Kuvassa 4 verrattavissa normaali 1986 100 Markkaa sek\u00e4 kyseinen seteli.<\/p>\n<p>Kunto: 1+<\/p>\n","protected":false},"featured_media":77881,"template":"","meta":{"_acf_changed":false},"product_brand":[],"product_cat":[177],"product_tag":[],"class_list":{"0":"post-77895","1":"product","2":"type-product","3":"status-publish","4":"has-post-thumbnail","6":"product_cat-valmistusvirheellisia-seteleita","8":"first","9":"outofstock","10":"shipping-taxable","11":"purchasable","12":"product-type-simple"},"acf":[],"_links":{"self":[{"href":"https:\/\/finncoin.com\/fi\/wp-json\/wp\/v2\/product\/77895","targetHints":{"allow":["GET"]}}],"collection":[{"href":"https:\/\/finncoin.com\/fi\/wp-json\/wp\/v2\/product"}],"about":[{"href":"https:\/\/finncoin.com\/fi\/wp-json\/wp\/v2\/types\/product"}],"wp:featuredmedia":[{"embeddable":true,"href":"https:\/\/finncoin.com\/fi\/wp-json\/wp\/v2\/media\/77881"}],"wp:attachment":[{"href":"https:\/\/finncoin.com\/fi\/wp-json\/wp\/v2\/media?parent=77895"}],"wp:term":[{"taxonomy":"product_brand","embeddable":true,"href":"https:\/\/finncoin.com\/fi\/wp-json\/wp\/v2\/product_brand?post=77895"},{"taxonomy":"product_cat","embeddable":true,"href":"https:\/\/finncoin.com\/fi\/wp-json\/wp\/v2\/product_cat?post=77895"},{"taxonomy":"product_tag","embeddable":true,"href":"https:\/\/finncoin.com\/fi\/wp-json\/wp\/v2\/product_tag?post=77895"}],"curies":[{"name":"wp","href":"https:\/\/api.w.org\/{rel}","templated":true}]}}