{"id":77861,"date":"2024-08-27T13:54:05","date_gmt":"2024-08-27T10:54:05","guid":{"rendered":"https:\/\/finncoin.com\/?post_type=product&#038;p=77861"},"modified":"2024-08-27T13:54:05","modified_gmt":"2024-08-27T10:54:05","slug":"10-markkaa-1980-litt-a-vesileima-oikealla-2","status":"publish","type":"product","link":"https:\/\/finncoin.com\/fi\/product\/10-markkaa-1980-litt-a-vesileima-oikealla-2\/","title":{"rendered":"10 Markkaa 1980 Litt A, vesileima oikealla"},"content":{"rendered":"","protected":false},"excerpt":{"rendered":"<p>Paasikiven vesileiman tulisi olla keskitettyn\u00e4 valkoisen sis\u00e4\u00e4n, mutta t\u00e4ss\u00e4 seteliss\u00e4 se on enemm\u00e4n oikealla.<\/p>\n<p>Kunto: 1+\/01<\/p>\n","protected":false},"featured_media":77871,"template":"","meta":{"_acf_changed":false},"product_brand":[],"product_cat":[177],"product_tag":[],"class_list":{"0":"post-77861","1":"product","2":"type-product","3":"status-publish","4":"has-post-thumbnail","6":"product_cat-valmistusvirheellisia-seteleita","7":"product_shipping_class-kirjeposti","9":"first","10":"instock","11":"shipping-taxable","12":"purchasable","13":"product-type-simple"},"acf":[],"_links":{"self":[{"href":"https:\/\/finncoin.com\/fi\/wp-json\/wp\/v2\/product\/77861","targetHints":{"allow":["GET"]}}],"collection":[{"href":"https:\/\/finncoin.com\/fi\/wp-json\/wp\/v2\/product"}],"about":[{"href":"https:\/\/finncoin.com\/fi\/wp-json\/wp\/v2\/types\/product"}],"wp:featuredmedia":[{"embeddable":true,"href":"https:\/\/finncoin.com\/fi\/wp-json\/wp\/v2\/media\/77871"}],"wp:attachment":[{"href":"https:\/\/finncoin.com\/fi\/wp-json\/wp\/v2\/media?parent=77861"}],"wp:term":[{"taxonomy":"product_brand","embeddable":true,"href":"https:\/\/finncoin.com\/fi\/wp-json\/wp\/v2\/product_brand?post=77861"},{"taxonomy":"product_cat","embeddable":true,"href":"https:\/\/finncoin.com\/fi\/wp-json\/wp\/v2\/product_cat?post=77861"},{"taxonomy":"product_tag","embeddable":true,"href":"https:\/\/finncoin.com\/fi\/wp-json\/wp\/v2\/product_tag?post=77861"}],"curies":[{"name":"wp","href":"https:\/\/api.w.org\/{rel}","templated":true}]}}