{"id":77859,"date":"2024-08-27T13:46:32","date_gmt":"2024-08-27T10:51:38","guid":{"rendered":"https:\/\/finncoin.com\/?post_type=product&#038;p=77859"},"modified":"2024-08-27T13:51:38","modified_gmt":"2024-08-27T10:51:38","slug":"10-markkaa-1980-litt-a-vesileima-oikealla","status":"publish","type":"product","link":"https:\/\/finncoin.com\/fi\/product\/10-markkaa-1980-litt-a-vesileima-oikealla\/","title":{"rendered":"10 Markkaa 1980 Litt A, vesileima oikealla"},"content":{"rendered":"","protected":false},"excerpt":{"rendered":"<p>Paasikiven vesileiman tulisi olla keskitettyn\u00e4 valkoisen sis\u00e4\u00e4n, mutta t\u00e4ss\u00e4 seteliss\u00e4 se on enemm\u00e4n oikealla.<\/p>\n<p>Kunto: 1+<\/p>\n","protected":false},"featured_media":77857,"template":"","meta":{"_acf_changed":false},"product_brand":[],"product_cat":[177],"product_tag":[],"class_list":{"0":"post-77859","1":"product","2":"type-product","3":"status-publish","4":"has-post-thumbnail","6":"product_cat-valmistusvirheellisia-seteleita","8":"first","9":"instock","10":"shipping-taxable","11":"purchasable","12":"product-type-simple"},"acf":[],"_links":{"self":[{"href":"https:\/\/finncoin.com\/fi\/wp-json\/wp\/v2\/product\/77859","targetHints":{"allow":["GET"]}}],"collection":[{"href":"https:\/\/finncoin.com\/fi\/wp-json\/wp\/v2\/product"}],"about":[{"href":"https:\/\/finncoin.com\/fi\/wp-json\/wp\/v2\/types\/product"}],"wp:featuredmedia":[{"embeddable":true,"href":"https:\/\/finncoin.com\/fi\/wp-json\/wp\/v2\/media\/77857"}],"wp:attachment":[{"href":"https:\/\/finncoin.com\/fi\/wp-json\/wp\/v2\/media?parent=77859"}],"wp:term":[{"taxonomy":"product_brand","embeddable":true,"href":"https:\/\/finncoin.com\/fi\/wp-json\/wp\/v2\/product_brand?post=77859"},{"taxonomy":"product_cat","embeddable":true,"href":"https:\/\/finncoin.com\/fi\/wp-json\/wp\/v2\/product_cat?post=77859"},{"taxonomy":"product_tag","embeddable":true,"href":"https:\/\/finncoin.com\/fi\/wp-json\/wp\/v2\/product_tag?post=77859"}],"curies":[{"name":"wp","href":"https:\/\/api.w.org\/{rel}","templated":true}]}}