{"id":77329,"date":"2024-08-23T15:36:09","date_gmt":"2024-08-23T12:36:09","guid":{"rendered":"https:\/\/finncoin.com\/?post_type=product&#038;p=77329"},"modified":"2026-02-10T15:32:56","modified_gmt":"2026-02-10T13:32:56","slug":"lentajan-mitaleita-era-2","status":"publish","type":"product","link":"https:\/\/finncoin.com\/fi\/product\/lentajan-mitaleita-era-2\/","title":{"rendered":"lent\u00e4j\u00e4n mitaleita er\u00e4"},"content":{"rendered":"","protected":false},"excerpt":{"rendered":"<p>Lentomerkin m\/1918, VR 4 1941, SL 1 luokan ritarimerkki, TSMM, JSMM, Olympialaiset 1952 ansiomitali, Suomen urheilun hopeinen ansioristi, Ilmavoimien risti<\/p>\n<p>ostajalle annetaan lent\u00e4j\u00e4n nimi ja mukana sotaohjaajakussit 1-4 kirja<\/p>\n<p>Kunto: Hyv\u00e4<\/p>\n","protected":false},"featured_media":77355,"template":"","meta":{"_acf_changed":false},"product_brand":[],"product_cat":[672],"product_tag":[],"class_list":{"0":"post-77329","1":"product","2":"type-product","3":"status-publish","4":"has-post-thumbnail","6":"product_cat-ilmavoimat","7":"product_shipping_class-kirjeposti","9":"first","10":"outofstock","11":"shipping-taxable","12":"purchasable","13":"product-type-simple"},"acf":[],"_links":{"self":[{"href":"https:\/\/finncoin.com\/fi\/wp-json\/wp\/v2\/product\/77329","targetHints":{"allow":["GET"]}}],"collection":[{"href":"https:\/\/finncoin.com\/fi\/wp-json\/wp\/v2\/product"}],"about":[{"href":"https:\/\/finncoin.com\/fi\/wp-json\/wp\/v2\/types\/product"}],"wp:featuredmedia":[{"embeddable":true,"href":"https:\/\/finncoin.com\/fi\/wp-json\/wp\/v2\/media\/77355"}],"wp:attachment":[{"href":"https:\/\/finncoin.com\/fi\/wp-json\/wp\/v2\/media?parent=77329"}],"wp:term":[{"taxonomy":"product_brand","embeddable":true,"href":"https:\/\/finncoin.com\/fi\/wp-json\/wp\/v2\/product_brand?post=77329"},{"taxonomy":"product_cat","embeddable":true,"href":"https:\/\/finncoin.com\/fi\/wp-json\/wp\/v2\/product_cat?post=77329"},{"taxonomy":"product_tag","embeddable":true,"href":"https:\/\/finncoin.com\/fi\/wp-json\/wp\/v2\/product_tag?post=77329"}],"curies":[{"name":"wp","href":"https:\/\/api.w.org\/{rel}","templated":true}]}}