{"id":76921,"date":"2024-08-23T09:23:25","date_gmt":"2024-08-23T06:23:51","guid":{"rendered":"https:\/\/finncoin.com\/?post_type=product&#038;p=76921"},"modified":"2024-08-23T09:23:52","modified_gmt":"2024-08-23T06:23:52","slug":"100-markkaa-1986-varivirhe-tekoviallinen-3","status":"publish","type":"product","link":"https:\/\/finncoin.com\/fi\/product\/100-markkaa-1986-varivirhe-tekoviallinen-3\/","title":{"rendered":"100 Markkaa 1986, V\u00e4rivirhe \/ Tekoviallinen"},"content":{"rendered":"","protected":false},"excerpt":{"rendered":"<p>Sibeliuksen kasvot sinert\u00e4v\u00e4mm\u00e4t<\/p>\n<p>Kunto: 1+<\/p>\n","protected":false},"featured_media":76919,"template":"","meta":{"_acf_changed":false},"product_brand":[],"product_cat":[177],"product_tag":[],"class_list":{"0":"post-76921","1":"product","2":"type-product","3":"status-publish","4":"has-post-thumbnail","6":"product_cat-valmistusvirheellisia-seteleita","8":"first","9":"outofstock","10":"shipping-taxable","11":"purchasable","12":"product-type-simple"},"acf":[],"_links":{"self":[{"href":"https:\/\/finncoin.com\/fi\/wp-json\/wp\/v2\/product\/76921","targetHints":{"allow":["GET"]}}],"collection":[{"href":"https:\/\/finncoin.com\/fi\/wp-json\/wp\/v2\/product"}],"about":[{"href":"https:\/\/finncoin.com\/fi\/wp-json\/wp\/v2\/types\/product"}],"wp:featuredmedia":[{"embeddable":true,"href":"https:\/\/finncoin.com\/fi\/wp-json\/wp\/v2\/media\/76919"}],"wp:attachment":[{"href":"https:\/\/finncoin.com\/fi\/wp-json\/wp\/v2\/media?parent=76921"}],"wp:term":[{"taxonomy":"product_brand","embeddable":true,"href":"https:\/\/finncoin.com\/fi\/wp-json\/wp\/v2\/product_brand?post=76921"},{"taxonomy":"product_cat","embeddable":true,"href":"https:\/\/finncoin.com\/fi\/wp-json\/wp\/v2\/product_cat?post=76921"},{"taxonomy":"product_tag","embeddable":true,"href":"https:\/\/finncoin.com\/fi\/wp-json\/wp\/v2\/product_tag?post=76921"}],"curies":[{"name":"wp","href":"https:\/\/api.w.org\/{rel}","templated":true}]}}