{"id":76891,"date":"2024-08-23T09:19:45","date_gmt":"2024-08-23T06:19:45","guid":{"rendered":"https:\/\/finncoin.com\/?post_type=product&#038;p=76891"},"modified":"2024-08-23T09:19:45","modified_gmt":"2024-08-23T06:19:45","slug":"100-markkaa-1986-varivirhe-tekoviallinen","status":"publish","type":"product","link":"https:\/\/finncoin.com\/fi\/product\/100-markkaa-1986-varivirhe-tekoviallinen\/","title":{"rendered":"100 Markkaa 1986, V\u00e4rivirhe \/ Tekoviallinen"},"content":{"rendered":"","protected":false},"excerpt":{"rendered":"<p>Sibeliuksen kasvot sinert\u00e4v\u00e4mm\u00e4t<\/p>\n<p>Kunto: 1+<\/p>\n","protected":false},"featured_media":76901,"template":"","meta":{"_acf_changed":false},"product_brand":[],"product_cat":[177],"product_tag":[],"class_list":{"0":"post-76891","1":"product","2":"type-product","3":"status-publish","4":"has-post-thumbnail","6":"product_cat-valmistusvirheellisia-seteleita","7":"product_shipping_class-kirjeposti","9":"first","10":"instock","11":"shipping-taxable","12":"purchasable","13":"product-type-simple"},"acf":[],"_links":{"self":[{"href":"https:\/\/finncoin.com\/fi\/wp-json\/wp\/v2\/product\/76891","targetHints":{"allow":["GET"]}}],"collection":[{"href":"https:\/\/finncoin.com\/fi\/wp-json\/wp\/v2\/product"}],"about":[{"href":"https:\/\/finncoin.com\/fi\/wp-json\/wp\/v2\/types\/product"}],"wp:featuredmedia":[{"embeddable":true,"href":"https:\/\/finncoin.com\/fi\/wp-json\/wp\/v2\/media\/76901"}],"wp:attachment":[{"href":"https:\/\/finncoin.com\/fi\/wp-json\/wp\/v2\/media?parent=76891"}],"wp:term":[{"taxonomy":"product_brand","embeddable":true,"href":"https:\/\/finncoin.com\/fi\/wp-json\/wp\/v2\/product_brand?post=76891"},{"taxonomy":"product_cat","embeddable":true,"href":"https:\/\/finncoin.com\/fi\/wp-json\/wp\/v2\/product_cat?post=76891"},{"taxonomy":"product_tag","embeddable":true,"href":"https:\/\/finncoin.com\/fi\/wp-json\/wp\/v2\/product_tag?post=76891"}],"curies":[{"name":"wp","href":"https:\/\/api.w.org\/{rel}","templated":true}]}}