{"id":76525,"date":"2024-08-13T10:52:22","date_gmt":"2024-08-13T07:52:22","guid":{"rendered":"https:\/\/finncoin.com\/?post_type=product&#038;p=76525"},"modified":"2024-08-13T10:55:02","modified_gmt":"2024-08-13T07:55:02","slug":"tillander-tahka-juustohoyla-1968","status":"publish","type":"product","link":"https:\/\/finncoin.com\/fi\/product\/tillander-tahka-juustohoyla-1968\/","title":{"rendered":"Tillander T\u00e4hk\u00e4 juustoh\u00f6yl\u00e4 1968"},"content":{"rendered":"","protected":false},"excerpt":{"rendered":"<p>valmistettu hopeasta (813) ja ruostumattomasta ter\u00e4ksest\u00e4<\/p>\n<p>Paino: 80g<\/p>\n<p>Pituus (cm): 22,5<\/p>\n<p>P7 &#8211; 1968<\/p>\n<p>Valmistaja: Tillander oy<\/p>\n<p>Kunto: Hyv\u00e4<\/p>\n","protected":false},"featured_media":76535,"template":"","meta":{"_acf_changed":false},"product_brand":[],"product_cat":[700],"product_tag":[],"class_list":{"0":"post-76525","1":"product","2":"type-product","3":"status-publish","4":"has-post-thumbnail","6":"product_cat-hopea","7":"product_shipping_class-kirjeposti","9":"first","10":"instock","11":"shipping-taxable","12":"purchasable","13":"product-type-simple"},"acf":[],"_links":{"self":[{"href":"https:\/\/finncoin.com\/fi\/wp-json\/wp\/v2\/product\/76525","targetHints":{"allow":["GET"]}}],"collection":[{"href":"https:\/\/finncoin.com\/fi\/wp-json\/wp\/v2\/product"}],"about":[{"href":"https:\/\/finncoin.com\/fi\/wp-json\/wp\/v2\/types\/product"}],"wp:featuredmedia":[{"embeddable":true,"href":"https:\/\/finncoin.com\/fi\/wp-json\/wp\/v2\/media\/76535"}],"wp:attachment":[{"href":"https:\/\/finncoin.com\/fi\/wp-json\/wp\/v2\/media?parent=76525"}],"wp:term":[{"taxonomy":"product_brand","embeddable":true,"href":"https:\/\/finncoin.com\/fi\/wp-json\/wp\/v2\/product_brand?post=76525"},{"taxonomy":"product_cat","embeddable":true,"href":"https:\/\/finncoin.com\/fi\/wp-json\/wp\/v2\/product_cat?post=76525"},{"taxonomy":"product_tag","embeddable":true,"href":"https:\/\/finncoin.com\/fi\/wp-json\/wp\/v2\/product_tag?post=76525"}],"curies":[{"name":"wp","href":"https:\/\/api.w.org\/{rel}","templated":true}]}}