{"id":75451,"date":"2024-08-03T13:10:16","date_gmt":"2024-08-03T10:10:16","guid":{"rendered":"https:\/\/finncoin.com\/?post_type=product&#038;p=75451"},"modified":"2024-08-03T13:11:15","modified_gmt":"2024-08-03T10:11:15","slug":"mithradates-vi-eupator-88-86-ekr-pontoksen-kuningas-av-stater-ngc-ch-au","status":"publish","type":"product","link":"https:\/\/finncoin.com\/fi\/product\/mithradates-vi-eupator-88-86-ekr-pontoksen-kuningas-av-stater-ngc-ch-au\/","title":{"rendered":"Mithradates VI Eupator 88-86 eKr, Pontoksen kuningas AV Stater, NGC Ch AU"},"content":{"rendered":"","protected":false},"excerpt":{"rendered":"<p>Kultaa<\/p>\n<p>8,31g<\/p>\n<p>19mm<\/p>\n<p>Ensimm\u00e4inen Mithridatinen sota, Traakialaisen Lysimachuksen nimiss\u00e4 ja tyypeiss\u00e4. Tomis rahapaja, c. 88-86 eKr.<\/p>\n<p>Obv. Diademed head of the deified Alexander to right, with horn of Ammon.<\/p>\n<p>Rev. \u0392\u0391\u03a3\u0399\u039b\u0395\u03a9\u03a3 \u039b\u03a5\u03a3\u0399\u039c\u0391\u03a7\u039f\u03a5, Athena Nikephoros seated left; \u0398EM to inner left, TO on throne; in exergue, ornate trident left.<\/p>\n<p>Callatay p. 141 (D4\/R1)<\/p>\n<p>Kunto: NGC Ch AU \/ kl 01\/0<\/p>\n","protected":false},"featured_media":75449,"template":"","meta":{"_acf_changed":false},"product_brand":[],"product_cat":[380,241],"product_tag":[],"class_list":{"0":"post-75451","1":"product","2":"type-product","3":"status-publish","4":"has-post-thumbnail","6":"product_cat-kreikka","7":"product_cat-ulkomaiset-kultarahat","9":"first","10":"outofstock","11":"shipping-taxable","12":"purchasable","13":"product-type-simple"},"acf":[],"_links":{"self":[{"href":"https:\/\/finncoin.com\/fi\/wp-json\/wp\/v2\/product\/75451","targetHints":{"allow":["GET"]}}],"collection":[{"href":"https:\/\/finncoin.com\/fi\/wp-json\/wp\/v2\/product"}],"about":[{"href":"https:\/\/finncoin.com\/fi\/wp-json\/wp\/v2\/types\/product"}],"wp:featuredmedia":[{"embeddable":true,"href":"https:\/\/finncoin.com\/fi\/wp-json\/wp\/v2\/media\/75449"}],"wp:attachment":[{"href":"https:\/\/finncoin.com\/fi\/wp-json\/wp\/v2\/media?parent=75451"}],"wp:term":[{"taxonomy":"product_brand","embeddable":true,"href":"https:\/\/finncoin.com\/fi\/wp-json\/wp\/v2\/product_brand?post=75451"},{"taxonomy":"product_cat","embeddable":true,"href":"https:\/\/finncoin.com\/fi\/wp-json\/wp\/v2\/product_cat?post=75451"},{"taxonomy":"product_tag","embeddable":true,"href":"https:\/\/finncoin.com\/fi\/wp-json\/wp\/v2\/product_tag?post=75451"}],"curies":[{"name":"wp","href":"https:\/\/api.w.org\/{rel}","templated":true}]}}