{"id":75427,"date":"2024-08-03T12:46:59","date_gmt":"2024-08-03T09:46:59","guid":{"rendered":"https:\/\/finncoin.com\/?post_type=product&#038;p=75427"},"modified":"2024-08-03T12:49:23","modified_gmt":"2024-08-03T09:49:23","slug":"mithradates-vi-eupator-88-86-ekr-pontoksen-kuningas-av-stater-ngc-ch-vf","status":"publish","type":"product","link":"https:\/\/finncoin.com\/fi\/product\/mithradates-vi-eupator-88-86-ekr-pontoksen-kuningas-av-stater-ngc-ch-vf\/","title":{"rendered":"Mithradates VI Eupator 88-86 eKr, Pontoksen kuningas AV Stater, NGC Ch VF"},"content":{"rendered":"","protected":false},"excerpt":{"rendered":"<p>Kultaa<\/p>\n<p>8,18g<\/p>\n<p>19,5mm<\/p>\n<p>Ensimm\u00e4inen Mithridatinen sota, Traakialaisen Lysimachuksen nimiss\u00e4 ja tyypeiss\u00e4. Tomis rahapaja, c. 88-86 eKr.<\/p>\n<p>Obv. Diademed head of the deified Alexander to right, with horn of Ammon.<\/p>\n<p>Rev. \u0392\u0391\u03a3\u0399\u039b\u0395\u03a9\u03a3 \u039b\u03a5\u03a3\u0399\u039c\u0391\u03a7\u039f\u03a5, Athena Nikephoros seated left; HP (ligate) O to inner left, KA\u039b on throne<\/p>\n<p>Callatay pp. 140 (D6\/R1)<\/p>\n<p>Kunto: NGC Ch VF \/ kl 1\/1+<\/p>\n","protected":false},"featured_media":75425,"template":"","meta":{"_acf_changed":false},"product_brand":[],"product_cat":[380,241],"product_tag":[],"class_list":{"0":"post-75427","1":"product","2":"type-product","3":"status-publish","4":"has-post-thumbnail","6":"product_cat-kreikka","7":"product_cat-ulkomaiset-kultarahat","9":"first","10":"outofstock","11":"shipping-taxable","12":"product-type-simple"},"acf":[],"_links":{"self":[{"href":"https:\/\/finncoin.com\/fi\/wp-json\/wp\/v2\/product\/75427","targetHints":{"allow":["GET"]}}],"collection":[{"href":"https:\/\/finncoin.com\/fi\/wp-json\/wp\/v2\/product"}],"about":[{"href":"https:\/\/finncoin.com\/fi\/wp-json\/wp\/v2\/types\/product"}],"wp:featuredmedia":[{"embeddable":true,"href":"https:\/\/finncoin.com\/fi\/wp-json\/wp\/v2\/media\/75425"}],"wp:attachment":[{"href":"https:\/\/finncoin.com\/fi\/wp-json\/wp\/v2\/media?parent=75427"}],"wp:term":[{"taxonomy":"product_brand","embeddable":true,"href":"https:\/\/finncoin.com\/fi\/wp-json\/wp\/v2\/product_brand?post=75427"},{"taxonomy":"product_cat","embeddable":true,"href":"https:\/\/finncoin.com\/fi\/wp-json\/wp\/v2\/product_cat?post=75427"},{"taxonomy":"product_tag","embeddable":true,"href":"https:\/\/finncoin.com\/fi\/wp-json\/wp\/v2\/product_tag?post=75427"}],"curies":[{"name":"wp","href":"https:\/\/api.w.org\/{rel}","templated":true}]}}