{"id":74881,"date":"2024-07-29T12:01:46","date_gmt":"2024-07-29T09:04:22","guid":{"rendered":"https:\/\/finncoin.com\/?post_type=product&#038;p=74881"},"modified":"2024-07-29T12:04:23","modified_gmt":"2024-07-29T09:04:23","slug":"helsinki-olympialaiset-1952-olympia-poika-tytto-merkki","status":"publish","type":"product","link":"https:\/\/finncoin.com\/fi\/product\/helsinki-olympialaiset-1952-olympia-poika-tytto-merkki\/","title":{"rendered":"Helsinki olympialaiset 1952, Olympia poika\/tytt\u00f6 merkki"},"content":{"rendered":"","protected":false},"excerpt":{"rendered":"<p>Niiden myynnill\u00e4 rahoitettiin olympiapoikien ja -tytt\u00f6jen kouluttamista Helsingin olympialaisten 1952<\/p>\n<p>Kunto: Hyv\u00e4<\/p>\n","protected":false},"featured_media":74879,"template":"","meta":{"_acf_changed":false},"product_brand":[],"product_cat":[91],"product_tag":[],"class_list":{"0":"post-74881","1":"product","2":"type-product","3":"status-publish","4":"has-post-thumbnail","6":"product_cat-olympia","8":"first","9":"instock","10":"shipping-taxable","11":"purchasable","12":"product-type-simple"},"acf":[],"_links":{"self":[{"href":"https:\/\/finncoin.com\/fi\/wp-json\/wp\/v2\/product\/74881","targetHints":{"allow":["GET"]}}],"collection":[{"href":"https:\/\/finncoin.com\/fi\/wp-json\/wp\/v2\/product"}],"about":[{"href":"https:\/\/finncoin.com\/fi\/wp-json\/wp\/v2\/types\/product"}],"wp:featuredmedia":[{"embeddable":true,"href":"https:\/\/finncoin.com\/fi\/wp-json\/wp\/v2\/media\/74879"}],"wp:attachment":[{"href":"https:\/\/finncoin.com\/fi\/wp-json\/wp\/v2\/media?parent=74881"}],"wp:term":[{"taxonomy":"product_brand","embeddable":true,"href":"https:\/\/finncoin.com\/fi\/wp-json\/wp\/v2\/product_brand?post=74881"},{"taxonomy":"product_cat","embeddable":true,"href":"https:\/\/finncoin.com\/fi\/wp-json\/wp\/v2\/product_cat?post=74881"},{"taxonomy":"product_tag","embeddable":true,"href":"https:\/\/finncoin.com\/fi\/wp-json\/wp\/v2\/product_tag?post=74881"}],"curies":[{"name":"wp","href":"https:\/\/api.w.org\/{rel}","templated":true}]}}