{"id":74469,"date":"2024-07-24T12:59:32","date_gmt":"2024-07-24T10:00:28","guid":{"rendered":"https:\/\/finncoin.com\/?post_type=product&#038;p=74469"},"modified":"2024-07-24T13:00:28","modified_gmt":"2024-07-24T10:00:28","slug":"10-markkaa-1986-1080937077-1080937080","status":"publish","type":"product","link":"https:\/\/finncoin.com\/fi\/product\/10-markkaa-1986-1080937077-1080937080\/","title":{"rendered":"10 Markkaa 1986 1080937077-1080937080"},"content":{"rendered":"","protected":false},"excerpt":{"rendered":"<p>P# 113<\/p>\n<p>per\u00e4kk\u00e4iset numerot<\/p>\n<p>Sign: Ollila &#8211; H\u00e4m\u00e4l\u00e4inen<\/p>\n<p>Kunto: 01<\/p>\n","protected":false},"featured_media":74467,"template":"","meta":{"_acf_changed":false},"product_brand":[],"product_cat":[796],"product_tag":[],"class_list":{"0":"post-74469","1":"product","2":"type-product","3":"status-publish","4":"has-post-thumbnail","6":"product_cat-1986-fi","8":"first","9":"outofstock","10":"shipping-taxable","11":"purchasable","12":"product-type-simple"},"acf":[],"_links":{"self":[{"href":"https:\/\/finncoin.com\/fi\/wp-json\/wp\/v2\/product\/74469","targetHints":{"allow":["GET"]}}],"collection":[{"href":"https:\/\/finncoin.com\/fi\/wp-json\/wp\/v2\/product"}],"about":[{"href":"https:\/\/finncoin.com\/fi\/wp-json\/wp\/v2\/types\/product"}],"wp:featuredmedia":[{"embeddable":true,"href":"https:\/\/finncoin.com\/fi\/wp-json\/wp\/v2\/media\/74467"}],"wp:attachment":[{"href":"https:\/\/finncoin.com\/fi\/wp-json\/wp\/v2\/media?parent=74469"}],"wp:term":[{"taxonomy":"product_brand","embeddable":true,"href":"https:\/\/finncoin.com\/fi\/wp-json\/wp\/v2\/product_brand?post=74469"},{"taxonomy":"product_cat","embeddable":true,"href":"https:\/\/finncoin.com\/fi\/wp-json\/wp\/v2\/product_cat?post=74469"},{"taxonomy":"product_tag","embeddable":true,"href":"https:\/\/finncoin.com\/fi\/wp-json\/wp\/v2\/product_tag?post=74469"}],"curies":[{"name":"wp","href":"https:\/\/api.w.org\/{rel}","templated":true}]}}