{"id":74033,"date":"2024-07-23T08:48:42","date_gmt":"2024-07-23T05:48:42","guid":{"rendered":"https:\/\/finncoin.com\/?post_type=product&#038;p=74033"},"modified":"2024-07-23T08:48:42","modified_gmt":"2024-07-23T05:48:42","slug":"10-markkaa-1963-litt-a-tahti-aa1080835-aa1080844","status":"publish","type":"product","link":"https:\/\/finncoin.com\/fi\/product\/10-markkaa-1963-litt-a-tahti-aa1080835-aa1080844\/","title":{"rendered":"10 Markkaa 1963 Litt A T\u00e4hti A\u00c51080835-A\u00c51080844"},"content":{"rendered":"","protected":false},"excerpt":{"rendered":"<p>SNY 146.4.8<\/p>\n<p>per\u00e4kk\u00e4iset numerot<\/p>\n<p>Sign: Holkeri \u2013 M\u00e4kinen<\/p>\n<p>Kunto: 01<\/p>\n","protected":false},"featured_media":74035,"template":"","meta":{"_acf_changed":false},"product_brand":[],"product_cat":[780],"product_tag":[],"class_list":{"0":"post-74033","1":"product","2":"type-product","3":"status-publish","4":"has-post-thumbnail","6":"product_cat-1963-korvaavat","7":"product_shipping_class-kirjeposti","9":"first","10":"instock","11":"shipping-taxable","12":"purchasable","13":"product-type-simple"},"acf":[],"_links":{"self":[{"href":"https:\/\/finncoin.com\/fi\/wp-json\/wp\/v2\/product\/74033","targetHints":{"allow":["GET"]}}],"collection":[{"href":"https:\/\/finncoin.com\/fi\/wp-json\/wp\/v2\/product"}],"about":[{"href":"https:\/\/finncoin.com\/fi\/wp-json\/wp\/v2\/types\/product"}],"wp:featuredmedia":[{"embeddable":true,"href":"https:\/\/finncoin.com\/fi\/wp-json\/wp\/v2\/media\/74035"}],"wp:attachment":[{"href":"https:\/\/finncoin.com\/fi\/wp-json\/wp\/v2\/media?parent=74033"}],"wp:term":[{"taxonomy":"product_brand","embeddable":true,"href":"https:\/\/finncoin.com\/fi\/wp-json\/wp\/v2\/product_brand?post=74033"},{"taxonomy":"product_cat","embeddable":true,"href":"https:\/\/finncoin.com\/fi\/wp-json\/wp\/v2\/product_cat?post=74033"},{"taxonomy":"product_tag","embeddable":true,"href":"https:\/\/finncoin.com\/fi\/wp-json\/wp\/v2\/product_tag?post=74033"}],"curies":[{"name":"wp","href":"https:\/\/api.w.org\/{rel}","templated":true}]}}