{"id":70283,"date":"2024-07-02T13:28:24","date_gmt":"2024-07-02T10:28:24","guid":{"rendered":"https:\/\/finncoin.com\/?post_type=product&#038;p=70283"},"modified":"2024-07-02T13:35:44","modified_gmt":"2024-07-02T10:35:44","slug":"tsaarinaikainen-pietari-14k-kultainen-rannekoru","status":"publish","type":"product","link":"https:\/\/finncoin.com\/fi\/product\/tsaarinaikainen-pietari-14k-kultainen-rannekoru\/","title":{"rendered":"Tsaarinaikainen, Pietari, 14k Kultainen rannekoru"},"content":{"rendered":"","protected":false},"excerpt":{"rendered":"<p>materiaali: 56 leimattu, Kulta 14k (585\/1000)<\/p>\n<p>paino: 12,26g<\/p>\n<p>koko: 55 x 48mm<\/p>\n<p>Kunto: Tyydytt\u00e4v\u00e4, pieni\u00e4 kolhuja ja naarmuja<\/p>\n","protected":false},"featured_media":70281,"template":"","meta":{"_acf_changed":false},"product_brand":[],"product_cat":[820],"product_tag":[],"class_list":{"0":"post-70283","1":"product","2":"type-product","3":"status-publish","4":"has-post-thumbnail","6":"product_cat-kulta","8":"first","9":"outofstock","10":"shipping-taxable","11":"product-type-simple"},"acf":[],"_links":{"self":[{"href":"https:\/\/finncoin.com\/fi\/wp-json\/wp\/v2\/product\/70283","targetHints":{"allow":["GET"]}}],"collection":[{"href":"https:\/\/finncoin.com\/fi\/wp-json\/wp\/v2\/product"}],"about":[{"href":"https:\/\/finncoin.com\/fi\/wp-json\/wp\/v2\/types\/product"}],"wp:featuredmedia":[{"embeddable":true,"href":"https:\/\/finncoin.com\/fi\/wp-json\/wp\/v2\/media\/70281"}],"wp:attachment":[{"href":"https:\/\/finncoin.com\/fi\/wp-json\/wp\/v2\/media?parent=70283"}],"wp:term":[{"taxonomy":"product_brand","embeddable":true,"href":"https:\/\/finncoin.com\/fi\/wp-json\/wp\/v2\/product_brand?post=70283"},{"taxonomy":"product_cat","embeddable":true,"href":"https:\/\/finncoin.com\/fi\/wp-json\/wp\/v2\/product_cat?post=70283"},{"taxonomy":"product_tag","embeddable":true,"href":"https:\/\/finncoin.com\/fi\/wp-json\/wp\/v2\/product_tag?post=70283"}],"curies":[{"name":"wp","href":"https:\/\/api.w.org\/{rel}","templated":true}]}}