{"id":6913,"date":"2022-06-16T13:23:23","date_gmt":"2022-06-16T10:28:46","guid":{"rendered":"http:\/\/finncoin.com.wwwdev.csh.fi\/?post_type=product&#038;p=6913"},"modified":"2022-06-16T13:28:46","modified_gmt":"2022-06-16T10:28:46","slug":"1936-saksan-olympialaisten-valokuvakirjat-band-1-2","status":"publish","type":"product","link":"https:\/\/finncoin.com\/fi\/product\/1936-saksan-olympialaisten-valokuvakirjat-band-1-2\/","title":{"rendered":"1936 Saksan Olympialaisten Valokuvakirjat, Band 1 &#038; 2"},"content":{"rendered":"","protected":false},"excerpt":{"rendered":"<p>2 Kirjasarja vuoden 1936 Saksan olympialaisista. Kaikki sivut ja kuvat tallella. Molempien kirjojen kansissa on vaurioita. Kirjassa 2 on kaksi sivua, joissa on pieni\u00e4 repeytymi\u00e4. Muuten kokonaisuudessaan tyydytt\u00e4v\u00e4ss\u00e4 kunnossa.<\/p>\n","protected":false},"featured_media":6911,"template":"","meta":{"_acf_changed":false},"product_brand":[],"product_cat":[91],"product_tag":[],"class_list":{"0":"post-6913","1":"product","2":"type-product","3":"status-publish","4":"has-post-thumbnail","6":"product_cat-olympia","8":"first","9":"instock","10":"sold-individually","11":"shipping-taxable","12":"purchasable","13":"product-type-simple"},"acf":[],"_links":{"self":[{"href":"https:\/\/finncoin.com\/fi\/wp-json\/wp\/v2\/product\/6913","targetHints":{"allow":["GET"]}}],"collection":[{"href":"https:\/\/finncoin.com\/fi\/wp-json\/wp\/v2\/product"}],"about":[{"href":"https:\/\/finncoin.com\/fi\/wp-json\/wp\/v2\/types\/product"}],"wp:featuredmedia":[{"embeddable":true,"href":"https:\/\/finncoin.com\/fi\/wp-json\/wp\/v2\/media\/6911"}],"wp:attachment":[{"href":"https:\/\/finncoin.com\/fi\/wp-json\/wp\/v2\/media?parent=6913"}],"wp:term":[{"taxonomy":"product_brand","embeddable":true,"href":"https:\/\/finncoin.com\/fi\/wp-json\/wp\/v2\/product_brand?post=6913"},{"taxonomy":"product_cat","embeddable":true,"href":"https:\/\/finncoin.com\/fi\/wp-json\/wp\/v2\/product_cat?post=6913"},{"taxonomy":"product_tag","embeddable":true,"href":"https:\/\/finncoin.com\/fi\/wp-json\/wp\/v2\/product_tag?post=6913"}],"curies":[{"name":"wp","href":"https:\/\/api.w.org\/{rel}","templated":true}]}}