{"id":65781,"date":"2024-06-12T13:43:08","date_gmt":"2024-06-12T10:43:08","guid":{"rendered":"https:\/\/finncoin.com\/?post_type=product&#038;p=65781"},"modified":"2025-08-21T15:03:35","modified_gmt":"2025-08-21T12:03:35","slug":"venaja-1894-10-ruplaa-aikalainen-vaarennos-leon-warnerke","status":"publish","type":"product","link":"https:\/\/finncoin.com\/fi\/product\/venaja-1894-10-ruplaa-aikalainen-vaarennos-leon-warnerke\/","title":{"rendered":"Ven\u00e4j\u00e4 1894 10 Ruplaa, Aikalainen V\u00e4\u00e4renn\u00f6s, Leon Warnerke"},"content":{"rendered":"","protected":false},"excerpt":{"rendered":"<p>Leon Warnerken v\u00e4\u00e4renn\u00f6s<\/p>\n<p>Kunto: 01<\/p>\n","protected":false},"featured_media":65787,"template":"","meta":{"_acf_changed":false},"product_brand":[],"product_cat":[227],"product_tag":[],"class_list":{"0":"post-65781","1":"product","2":"type-product","3":"status-publish","4":"has-post-thumbnail","6":"product_cat-keisarillisen-venaja","7":"product_shipping_class-kirjeposti","9":"first","10":"outofstock","11":"shipping-taxable","12":"purchasable","13":"product-type-simple"},"acf":[],"_links":{"self":[{"href":"https:\/\/finncoin.com\/fi\/wp-json\/wp\/v2\/product\/65781","targetHints":{"allow":["GET"]}}],"collection":[{"href":"https:\/\/finncoin.com\/fi\/wp-json\/wp\/v2\/product"}],"about":[{"href":"https:\/\/finncoin.com\/fi\/wp-json\/wp\/v2\/types\/product"}],"wp:featuredmedia":[{"embeddable":true,"href":"https:\/\/finncoin.com\/fi\/wp-json\/wp\/v2\/media\/65787"}],"wp:attachment":[{"href":"https:\/\/finncoin.com\/fi\/wp-json\/wp\/v2\/media?parent=65781"}],"wp:term":[{"taxonomy":"product_brand","embeddable":true,"href":"https:\/\/finncoin.com\/fi\/wp-json\/wp\/v2\/product_brand?post=65781"},{"taxonomy":"product_cat","embeddable":true,"href":"https:\/\/finncoin.com\/fi\/wp-json\/wp\/v2\/product_cat?post=65781"},{"taxonomy":"product_tag","embeddable":true,"href":"https:\/\/finncoin.com\/fi\/wp-json\/wp\/v2\/product_tag?post=65781"}],"curies":[{"name":"wp","href":"https:\/\/api.w.org\/{rel}","templated":true}]}}