{"id":65081,"date":"2024-06-02T14:29:58","date_gmt":"2024-06-02T11:29:58","guid":{"rendered":"https:\/\/finncoin.com\/?post_type=product&#038;p=65081"},"modified":"2024-06-02T14:29:59","modified_gmt":"2024-06-02T11:29:59","slug":"monaco-2-e-2012-lucien-grimaldi-proof-2","status":"publish","type":"product","link":"https:\/\/finncoin.com\/fi\/product\/monaco-2-e-2012-lucien-grimaldi-proof-2\/","title":{"rendered":"Monaco 2 \u20ac 2012 Lucien Grimaldi, Proof"},"content":{"rendered":"","protected":false},"excerpt":{"rendered":"<p>Ly\u00f6ntim\u00e4\u00e4r\u00e4: 10.000 kpl, Proof-laatua<\/p>\n<p>25,75mm<\/p>\n<p>Kunto: Proof,<strong> ilman valkoinen kotelo ja luovutuskirja<\/strong><\/p>\n","protected":false},"featured_media":65099,"template":"","meta":{"_acf_changed":false},"product_brand":[],"product_cat":[744],"product_tag":[],"class_list":{"0":"post-65081","1":"product","2":"type-product","3":"status-publish","4":"has-post-thumbnail","6":"product_cat-monaco-fi","7":"product_shipping_class-kirjeposti","9":"first","10":"instock","11":"shipping-taxable","12":"purchasable","13":"product-type-simple"},"acf":[],"_links":{"self":[{"href":"https:\/\/finncoin.com\/fi\/wp-json\/wp\/v2\/product\/65081","targetHints":{"allow":["GET"]}}],"collection":[{"href":"https:\/\/finncoin.com\/fi\/wp-json\/wp\/v2\/product"}],"about":[{"href":"https:\/\/finncoin.com\/fi\/wp-json\/wp\/v2\/types\/product"}],"wp:featuredmedia":[{"embeddable":true,"href":"https:\/\/finncoin.com\/fi\/wp-json\/wp\/v2\/media\/65099"}],"wp:attachment":[{"href":"https:\/\/finncoin.com\/fi\/wp-json\/wp\/v2\/media?parent=65081"}],"wp:term":[{"taxonomy":"product_brand","embeddable":true,"href":"https:\/\/finncoin.com\/fi\/wp-json\/wp\/v2\/product_brand?post=65081"},{"taxonomy":"product_cat","embeddable":true,"href":"https:\/\/finncoin.com\/fi\/wp-json\/wp\/v2\/product_cat?post=65081"},{"taxonomy":"product_tag","embeddable":true,"href":"https:\/\/finncoin.com\/fi\/wp-json\/wp\/v2\/product_tag?post=65081"}],"curies":[{"name":"wp","href":"https:\/\/api.w.org\/{rel}","templated":true}]}}