{"id":64665,"date":"2024-05-21T13:07:43","date_gmt":"2024-05-21T10:10:02","guid":{"rendered":"https:\/\/finncoin.com\/?post_type=product&#038;p=64665"},"modified":"2025-10-10T16:43:54","modified_gmt":"2025-10-10T13:43:54","slug":"niue-2-dollars-2015-1-unssi-iines-ankka","status":"publish","type":"product","link":"https:\/\/finncoin.com\/fi\/product\/niue-2-dollars-2015-1-unssi-iines-ankka\/","title":{"rendered":"Niue 2 Dollars 2015, 1 Unssi, Iines Ankka"},"content":{"rendered":"","protected":false},"excerpt":{"rendered":"<p>Hopea 0,999<\/p>\n<p>31,10g<\/p>\n<p>40mm<\/p>\n<p>toimitusm\u00e4\u00e4r\u00e4: 10 000kpl<\/p>\n<p>Kunto: Proof<\/p>\n","protected":false},"featured_media":64663,"template":"","meta":{"_acf_changed":false},"product_brand":[],"product_cat":[],"product_tag":[],"class_list":{"0":"post-64665","1":"product","2":"type-product","3":"status-publish","4":"has-post-thumbnail","7":"first","8":"outofstock","9":"shipping-taxable","10":"purchasable","11":"product-type-simple"},"acf":[],"_links":{"self":[{"href":"https:\/\/finncoin.com\/fi\/wp-json\/wp\/v2\/product\/64665","targetHints":{"allow":["GET"]}}],"collection":[{"href":"https:\/\/finncoin.com\/fi\/wp-json\/wp\/v2\/product"}],"about":[{"href":"https:\/\/finncoin.com\/fi\/wp-json\/wp\/v2\/types\/product"}],"wp:featuredmedia":[{"embeddable":true,"href":"https:\/\/finncoin.com\/fi\/wp-json\/wp\/v2\/media\/64663"}],"wp:attachment":[{"href":"https:\/\/finncoin.com\/fi\/wp-json\/wp\/v2\/media?parent=64665"}],"wp:term":[{"taxonomy":"product_brand","embeddable":true,"href":"https:\/\/finncoin.com\/fi\/wp-json\/wp\/v2\/product_brand?post=64665"},{"taxonomy":"product_cat","embeddable":true,"href":"https:\/\/finncoin.com\/fi\/wp-json\/wp\/v2\/product_cat?post=64665"},{"taxonomy":"product_tag","embeddable":true,"href":"https:\/\/finncoin.com\/fi\/wp-json\/wp\/v2\/product_tag?post=64665"}],"curies":[{"name":"wp","href":"https:\/\/api.w.org\/{rel}","templated":true}]}}