{"id":64643,"date":"2024-05-21T12:56:27","date_gmt":"2024-05-21T09:58:15","guid":{"rendered":"https:\/\/finncoin.com\/?post_type=product&#038;p=64643"},"modified":"2024-05-21T12:58:15","modified_gmt":"2024-05-21T09:58:15","slug":"ranska-10-e-2016-mikki-hiiri","status":"publish","type":"product","link":"https:\/\/finncoin.com\/fi\/product\/ranska-10-e-2016-mikki-hiiri\/","title":{"rendered":"Ranska 10 \u20ac 2016  Mikki Hiiri"},"content":{"rendered":"","protected":false},"excerpt":{"rendered":"<p>Hopea 0,900<\/p>\n<p>22,2g<\/p>\n<p>37mm<\/p>\n<p>toimitusm\u00e4\u00e4r\u00e4: 3000kpl<\/p>\n<p>KM# 2300<\/p>\n<p>Kunto: Proof<\/p>\n","protected":false},"featured_media":64641,"template":"","meta":{"_acf_changed":false},"product_brand":[],"product_cat":[588],"product_tag":[],"class_list":{"0":"post-64643","1":"product","2":"type-product","3":"status-publish","4":"has-post-thumbnail","6":"product_cat-ranska-fi","8":"first","9":"instock","10":"shipping-taxable","11":"purchasable","12":"product-type-simple"},"acf":[],"_links":{"self":[{"href":"https:\/\/finncoin.com\/fi\/wp-json\/wp\/v2\/product\/64643","targetHints":{"allow":["GET"]}}],"collection":[{"href":"https:\/\/finncoin.com\/fi\/wp-json\/wp\/v2\/product"}],"about":[{"href":"https:\/\/finncoin.com\/fi\/wp-json\/wp\/v2\/types\/product"}],"wp:featuredmedia":[{"embeddable":true,"href":"https:\/\/finncoin.com\/fi\/wp-json\/wp\/v2\/media\/64641"}],"wp:attachment":[{"href":"https:\/\/finncoin.com\/fi\/wp-json\/wp\/v2\/media?parent=64643"}],"wp:term":[{"taxonomy":"product_brand","embeddable":true,"href":"https:\/\/finncoin.com\/fi\/wp-json\/wp\/v2\/product_brand?post=64643"},{"taxonomy":"product_cat","embeddable":true,"href":"https:\/\/finncoin.com\/fi\/wp-json\/wp\/v2\/product_cat?post=64643"},{"taxonomy":"product_tag","embeddable":true,"href":"https:\/\/finncoin.com\/fi\/wp-json\/wp\/v2\/product_tag?post=64643"}],"curies":[{"name":"wp","href":"https:\/\/api.w.org\/{rel}","templated":true}]}}