{"id":63459,"date":"2024-05-13T12:10:24","date_gmt":"2024-05-13T09:14:29","guid":{"rendered":"https:\/\/finncoin.com\/?post_type=product&#038;p=63459"},"modified":"2024-05-13T12:14:29","modified_gmt":"2024-05-13T09:14:29","slug":"keisarillinen-venaja-palkintomerkki-kivaariammunnasta-1908-1917","status":"publish","type":"product","link":"https:\/\/finncoin.com\/fi\/product\/keisarillinen-venaja-palkintomerkki-kivaariammunnasta-1908-1917\/","title":{"rendered":"Keisarillinen Ven\u00e4j\u00e4, palkintomerkki kiv\u00e4\u00e4riammunnasta 1908-1917"},"content":{"rendered":"","protected":false},"excerpt":{"rendered":"<p>Hopea<\/p>\n<p>34 x 40mm<\/p>\n<p>Kunto: Tyydytt\u00e4v\u00e4, neulan kiinnitys rikki<\/p>\n","protected":false},"featured_media":63457,"template":"","meta":{"_acf_changed":false},"product_brand":[],"product_cat":[96],"product_tag":[],"class_list":{"0":"post-63459","1":"product","2":"type-product","3":"status-publish","4":"has-post-thumbnail","6":"product_cat-venalaiset-mitalit-1700-1917","8":"first","9":"instock","10":"shipping-taxable","11":"purchasable","12":"product-type-simple"},"acf":[],"_links":{"self":[{"href":"https:\/\/finncoin.com\/fi\/wp-json\/wp\/v2\/product\/63459","targetHints":{"allow":["GET"]}}],"collection":[{"href":"https:\/\/finncoin.com\/fi\/wp-json\/wp\/v2\/product"}],"about":[{"href":"https:\/\/finncoin.com\/fi\/wp-json\/wp\/v2\/types\/product"}],"wp:featuredmedia":[{"embeddable":true,"href":"https:\/\/finncoin.com\/fi\/wp-json\/wp\/v2\/media\/63457"}],"wp:attachment":[{"href":"https:\/\/finncoin.com\/fi\/wp-json\/wp\/v2\/media?parent=63459"}],"wp:term":[{"taxonomy":"product_brand","embeddable":true,"href":"https:\/\/finncoin.com\/fi\/wp-json\/wp\/v2\/product_brand?post=63459"},{"taxonomy":"product_cat","embeddable":true,"href":"https:\/\/finncoin.com\/fi\/wp-json\/wp\/v2\/product_cat?post=63459"},{"taxonomy":"product_tag","embeddable":true,"href":"https:\/\/finncoin.com\/fi\/wp-json\/wp\/v2\/product_tag?post=63459"}],"curies":[{"name":"wp","href":"https:\/\/api.w.org\/{rel}","templated":true}]}}