{"id":61007,"date":"2024-04-05T12:31:21","date_gmt":"2024-04-05T09:31:21","guid":{"rendered":"https:\/\/finncoin.com\/?post_type=product&#038;p=61007"},"modified":"2025-11-20T10:19:52","modified_gmt":"2025-11-20T08:19:52","slug":"50-pennia-1889-harvapohjainen-sydanvaakuna-peilipintainen-jalkilyonti","status":"publish","type":"product","link":"https:\/\/finncoin.com\/fi\/product\/50-pennia-1889-harvapohjainen-sydanvaakuna-peilipintainen-jalkilyonti\/","title":{"rendered":"50 Penni\u00e4 1889, Harvapohjainen Syd\u00e4nvaakuna, Peilipintainen J\u00e4lkily\u00f6nti"},"content":{"rendered":"","protected":false},"excerpt":{"rendered":"<p>Eritt\u00e4in Harvinainen!<\/p>\n<p>Tunnetaan 2kpl Rahakammiossa ja noin 8kpl ker\u00e4ilij\u00f6ill\u00e4<\/p>\n<p>18,6mm<\/p>\n<p>SNY 324.2<\/p>\n<p>Kunto: 0, pieni naarmuja<\/p>\n","protected":false},"featured_media":125881,"template":"","meta":{"_acf_changed":false},"product_brand":[],"product_cat":[205],"product_tag":[],"class_list":{"0":"post-61007","1":"product","2":"type-product","3":"status-publish","4":"has-post-thumbnail","6":"product_cat-50-pennia-fi","7":"product_shipping_class-kirjeposti","9":"first","10":"instock","11":"shipping-taxable","12":"purchasable","13":"product-type-simple"},"acf":[],"_links":{"self":[{"href":"https:\/\/finncoin.com\/fi\/wp-json\/wp\/v2\/product\/61007","targetHints":{"allow":["GET"]}}],"collection":[{"href":"https:\/\/finncoin.com\/fi\/wp-json\/wp\/v2\/product"}],"about":[{"href":"https:\/\/finncoin.com\/fi\/wp-json\/wp\/v2\/types\/product"}],"wp:featuredmedia":[{"embeddable":true,"href":"https:\/\/finncoin.com\/fi\/wp-json\/wp\/v2\/media\/125881"}],"wp:attachment":[{"href":"https:\/\/finncoin.com\/fi\/wp-json\/wp\/v2\/media?parent=61007"}],"wp:term":[{"taxonomy":"product_brand","embeddable":true,"href":"https:\/\/finncoin.com\/fi\/wp-json\/wp\/v2\/product_brand?post=61007"},{"taxonomy":"product_cat","embeddable":true,"href":"https:\/\/finncoin.com\/fi\/wp-json\/wp\/v2\/product_cat?post=61007"},{"taxonomy":"product_tag","embeddable":true,"href":"https:\/\/finncoin.com\/fi\/wp-json\/wp\/v2\/product_tag?post=61007"}],"curies":[{"name":"wp","href":"https:\/\/api.w.org\/{rel}","templated":true}]}}