{"id":60985,"date":"2024-04-05T12:07:10","date_gmt":"2024-04-05T09:07:10","guid":{"rendered":"https:\/\/finncoin.com\/?post_type=product&#038;p=60985"},"modified":"2024-04-05T12:07:11","modified_gmt":"2024-04-05T09:07:11","slug":"5-markkaa-1946-lyoty-kuparinikkeli-markka-aihiolle","status":"publish","type":"product","link":"https:\/\/finncoin.com\/fi\/product\/5-markkaa-1946-lyoty-kuparinikkeli-markka-aihiolle\/","title":{"rendered":"5 Markkaa 1946 Ly\u00f6ty Kuparinikkeli Markka Aihiolle"},"content":{"rendered":"","protected":false},"excerpt":{"rendered":"<div>Harvinainen virhe. Kupari-nikkeli markan viimeinen valmistusvuosi oli 1940, mutta jotenkin t\u00e4m\u00e4 1946 5 Markkaa ly\u00f6tiin kupari-nikkeli markan ahiolle. On tavallista, ett\u00e4 t\u00e4m\u00e4 5 markkaa on isketty rautaan, mutta ei kupari-nikkelisekoitukseen.<\/div>\n<div><\/div>\n<div>Metallianalyysi osoittaa 23 % nikkeli\u00e4 ja 76 % kuparia. Paino 3,83g. Sama kuin 1928-40 kupari-nikkelimarkalla.<\/div>\n<div><\/div>\n<div>Ainutlaatuinen?<\/div>\n<div><\/div>\n<div>Kunto: 1+, naarmuja<\/div>\n","protected":false},"featured_media":60999,"template":"","meta":{"_acf_changed":false},"product_brand":[],"product_cat":[167],"product_tag":[],"class_list":{"0":"post-60985","1":"product","2":"type-product","3":"status-publish","4":"has-post-thumbnail","6":"product_cat-virhelyonteja","7":"product_shipping_class-kirjeposti","9":"first","10":"instock","11":"shipping-taxable","12":"purchasable","13":"product-type-simple"},"acf":[],"_links":{"self":[{"href":"https:\/\/finncoin.com\/fi\/wp-json\/wp\/v2\/product\/60985","targetHints":{"allow":["GET"]}}],"collection":[{"href":"https:\/\/finncoin.com\/fi\/wp-json\/wp\/v2\/product"}],"about":[{"href":"https:\/\/finncoin.com\/fi\/wp-json\/wp\/v2\/types\/product"}],"wp:featuredmedia":[{"embeddable":true,"href":"https:\/\/finncoin.com\/fi\/wp-json\/wp\/v2\/media\/60999"}],"wp:attachment":[{"href":"https:\/\/finncoin.com\/fi\/wp-json\/wp\/v2\/media?parent=60985"}],"wp:term":[{"taxonomy":"product_brand","embeddable":true,"href":"https:\/\/finncoin.com\/fi\/wp-json\/wp\/v2\/product_brand?post=60985"},{"taxonomy":"product_cat","embeddable":true,"href":"https:\/\/finncoin.com\/fi\/wp-json\/wp\/v2\/product_cat?post=60985"},{"taxonomy":"product_tag","embeddable":true,"href":"https:\/\/finncoin.com\/fi\/wp-json\/wp\/v2\/product_tag?post=60985"}],"curies":[{"name":"wp","href":"https:\/\/api.w.org\/{rel}","templated":true}]}}