{"id":60099,"date":"2024-03-27T14:19:07","date_gmt":"2024-03-27T12:19:07","guid":{"rendered":"https:\/\/finncoin.com\/?post_type=product&#038;p=60099"},"modified":"2024-03-27T14:19:08","modified_gmt":"2024-03-27T12:19:08","slug":"50-pennia-1963-lyoty-20-pennia-aihiolle-8","status":"publish","type":"product","link":"https:\/\/finncoin.com\/fi\/product\/50-pennia-1963-lyoty-20-pennia-aihiolle-8\/","title":{"rendered":"50 Penni\u00e4 1963, Ly\u00f6ty 20 Penni\u00e4 aihiolle"},"content":{"rendered":"","protected":false},"excerpt":{"rendered":"<p>4,55g<\/p>\n<p>23mm<\/p>\n<p>Kunto: 01<\/p>\n","protected":false},"featured_media":60109,"template":"","meta":{"_acf_changed":false},"product_brand":[],"product_cat":[167],"product_tag":[],"class_list":{"0":"post-60099","1":"product","2":"type-product","3":"status-publish","4":"has-post-thumbnail","6":"product_cat-virhelyonteja","7":"product_shipping_class-kirjeposti","9":"first","10":"instock","11":"shipping-taxable","12":"purchasable","13":"product-type-simple"},"acf":[],"_links":{"self":[{"href":"https:\/\/finncoin.com\/fi\/wp-json\/wp\/v2\/product\/60099","targetHints":{"allow":["GET"]}}],"collection":[{"href":"https:\/\/finncoin.com\/fi\/wp-json\/wp\/v2\/product"}],"about":[{"href":"https:\/\/finncoin.com\/fi\/wp-json\/wp\/v2\/types\/product"}],"wp:featuredmedia":[{"embeddable":true,"href":"https:\/\/finncoin.com\/fi\/wp-json\/wp\/v2\/media\/60109"}],"wp:attachment":[{"href":"https:\/\/finncoin.com\/fi\/wp-json\/wp\/v2\/media?parent=60099"}],"wp:term":[{"taxonomy":"product_brand","embeddable":true,"href":"https:\/\/finncoin.com\/fi\/wp-json\/wp\/v2\/product_brand?post=60099"},{"taxonomy":"product_cat","embeddable":true,"href":"https:\/\/finncoin.com\/fi\/wp-json\/wp\/v2\/product_cat?post=60099"},{"taxonomy":"product_tag","embeddable":true,"href":"https:\/\/finncoin.com\/fi\/wp-json\/wp\/v2\/product_tag?post=60099"}],"curies":[{"name":"wp","href":"https:\/\/api.w.org\/{rel}","templated":true}]}}