{"id":60097,"date":"2024-03-27T14:08:31","date_gmt":"2024-03-27T12:09:03","guid":{"rendered":"https:\/\/finncoin.com\/?post_type=product&#038;p=60097"},"modified":"2024-03-27T14:09:03","modified_gmt":"2024-03-27T12:09:03","slug":"50-pennia-1963-lyoty-20-pennia-aihiolle-7","status":"publish","type":"product","link":"https:\/\/finncoin.com\/fi\/product\/50-pennia-1963-lyoty-20-pennia-aihiolle-7\/","title":{"rendered":"50 Penni\u00e4 1963, Ly\u00f6ty 20 Penni\u00e4 aihiolle"},"content":{"rendered":"","protected":false},"excerpt":{"rendered":"<p>4,5g<\/p>\n<p>22,5mm<\/p>\n<p>Kunto: 01<\/p>\n","protected":false},"featured_media":60095,"template":"","meta":{"_acf_changed":false},"product_brand":[],"product_cat":[167],"product_tag":[],"class_list":{"0":"post-60097","1":"product","2":"type-product","3":"status-publish","4":"has-post-thumbnail","6":"product_cat-virhelyonteja","8":"first","9":"instock","10":"shipping-taxable","11":"purchasable","12":"product-type-simple"},"acf":[],"_links":{"self":[{"href":"https:\/\/finncoin.com\/fi\/wp-json\/wp\/v2\/product\/60097","targetHints":{"allow":["GET"]}}],"collection":[{"href":"https:\/\/finncoin.com\/fi\/wp-json\/wp\/v2\/product"}],"about":[{"href":"https:\/\/finncoin.com\/fi\/wp-json\/wp\/v2\/types\/product"}],"wp:featuredmedia":[{"embeddable":true,"href":"https:\/\/finncoin.com\/fi\/wp-json\/wp\/v2\/media\/60095"}],"wp:attachment":[{"href":"https:\/\/finncoin.com\/fi\/wp-json\/wp\/v2\/media?parent=60097"}],"wp:term":[{"taxonomy":"product_brand","embeddable":true,"href":"https:\/\/finncoin.com\/fi\/wp-json\/wp\/v2\/product_brand?post=60097"},{"taxonomy":"product_cat","embeddable":true,"href":"https:\/\/finncoin.com\/fi\/wp-json\/wp\/v2\/product_cat?post=60097"},{"taxonomy":"product_tag","embeddable":true,"href":"https:\/\/finncoin.com\/fi\/wp-json\/wp\/v2\/product_tag?post=60097"}],"curies":[{"name":"wp","href":"https:\/\/api.w.org\/{rel}","templated":true}]}}