{"id":60067,"date":"2024-03-27T14:00:58","date_gmt":"2024-03-27T12:00:58","guid":{"rendered":"https:\/\/finncoin.com\/?post_type=product&#038;p=60067"},"modified":"2024-03-27T14:00:58","modified_gmt":"2024-03-27T12:00:58","slug":"50-pennia-1963-lyoty-20-pennia-aihiolle-6","status":"publish","type":"product","link":"https:\/\/finncoin.com\/fi\/product\/50-pennia-1963-lyoty-20-pennia-aihiolle-6\/","title":{"rendered":"50 Penni\u00e4 1963, Ly\u00f6ty 20 Penni\u00e4 aihiolle"},"content":{"rendered":"","protected":false},"excerpt":{"rendered":"<p>4,5g<\/p>\n<p>23mm<\/p>\n<p>Kunto: 01<\/p>\n","protected":false},"featured_media":60077,"template":"","meta":{"_acf_changed":false},"product_brand":[],"product_cat":[167],"product_tag":[],"class_list":{"0":"post-60067","1":"product","2":"type-product","3":"status-publish","4":"has-post-thumbnail","6":"product_cat-virhelyonteja","7":"product_shipping_class-kirjeposti","9":"first","10":"instock","11":"shipping-taxable","12":"purchasable","13":"product-type-simple"},"acf":[],"_links":{"self":[{"href":"https:\/\/finncoin.com\/fi\/wp-json\/wp\/v2\/product\/60067","targetHints":{"allow":["GET"]}}],"collection":[{"href":"https:\/\/finncoin.com\/fi\/wp-json\/wp\/v2\/product"}],"about":[{"href":"https:\/\/finncoin.com\/fi\/wp-json\/wp\/v2\/types\/product"}],"wp:featuredmedia":[{"embeddable":true,"href":"https:\/\/finncoin.com\/fi\/wp-json\/wp\/v2\/media\/60077"}],"wp:attachment":[{"href":"https:\/\/finncoin.com\/fi\/wp-json\/wp\/v2\/media?parent=60067"}],"wp:term":[{"taxonomy":"product_brand","embeddable":true,"href":"https:\/\/finncoin.com\/fi\/wp-json\/wp\/v2\/product_brand?post=60067"},{"taxonomy":"product_cat","embeddable":true,"href":"https:\/\/finncoin.com\/fi\/wp-json\/wp\/v2\/product_cat?post=60067"},{"taxonomy":"product_tag","embeddable":true,"href":"https:\/\/finncoin.com\/fi\/wp-json\/wp\/v2\/product_tag?post=60067"}],"curies":[{"name":"wp","href":"https:\/\/api.w.org\/{rel}","templated":true}]}}