{"id":55026,"date":"2024-02-09T08:53:25","date_gmt":"2024-02-09T06:53:59","guid":{"rendered":"https:\/\/finncoin.com\/?post_type=product&#038;p=55026"},"modified":"2024-02-09T08:53:59","modified_gmt":"2024-02-09T06:53:59","slug":"10-markkaa-1986-1019404399-uusivirta-hamalainen","status":"publish","type":"product","link":"https:\/\/finncoin.com\/fi\/product\/10-markkaa-1986-1019404399-uusivirta-hamalainen\/","title":{"rendered":"10 Markkaa 1986 1019404399 Uusivirta \u2013 H\u00e4m\u00e4l\u00e4inen"},"content":{"rendered":"","protected":false},"excerpt":{"rendered":"<p>SNY 148.1<\/p>\n<p>Kunto: 01<\/p>\n","protected":false},"featured_media":55024,"template":"","meta":{"_acf_changed":false},"product_brand":[],"product_cat":[796],"product_tag":[],"class_list":{"0":"post-55026","1":"product","2":"type-product","3":"status-publish","4":"has-post-thumbnail","6":"product_cat-1986-fi","8":"first","9":"instock","10":"shipping-taxable","11":"purchasable","12":"product-type-simple"},"acf":[],"_links":{"self":[{"href":"https:\/\/finncoin.com\/fi\/wp-json\/wp\/v2\/product\/55026","targetHints":{"allow":["GET"]}}],"collection":[{"href":"https:\/\/finncoin.com\/fi\/wp-json\/wp\/v2\/product"}],"about":[{"href":"https:\/\/finncoin.com\/fi\/wp-json\/wp\/v2\/types\/product"}],"wp:featuredmedia":[{"embeddable":true,"href":"https:\/\/finncoin.com\/fi\/wp-json\/wp\/v2\/media\/55024"}],"wp:attachment":[{"href":"https:\/\/finncoin.com\/fi\/wp-json\/wp\/v2\/media?parent=55026"}],"wp:term":[{"taxonomy":"product_brand","embeddable":true,"href":"https:\/\/finncoin.com\/fi\/wp-json\/wp\/v2\/product_brand?post=55026"},{"taxonomy":"product_cat","embeddable":true,"href":"https:\/\/finncoin.com\/fi\/wp-json\/wp\/v2\/product_cat?post=55026"},{"taxonomy":"product_tag","embeddable":true,"href":"https:\/\/finncoin.com\/fi\/wp-json\/wp\/v2\/product_tag?post=55026"}],"curies":[{"name":"wp","href":"https:\/\/api.w.org\/{rel}","templated":true}]}}