{"id":54072,"date":"2024-02-06T13:57:16","date_gmt":"2024-02-06T11:57:16","guid":{"rendered":"https:\/\/finncoin.com\/?post_type=product&#038;p=54072"},"modified":"2024-02-06T13:57:16","modified_gmt":"2024-02-06T11:57:16","slug":"helsinki-olympialaiset-1952-olympia-partateria","status":"publish","type":"product","link":"https:\/\/finncoin.com\/fi\/product\/helsinki-olympialaiset-1952-olympia-partateria\/","title":{"rendered":"Helsinki olympialaiset 1952 &#8221;Olympia&#8221; partateri\u00e4"},"content":{"rendered":"","protected":false},"excerpt":{"rendered":"<p>alkuper\u00e4isess\u00e4 pakkauksessa<\/p>\n<p>14,1 x 3cm<\/p>\n<p>Kunto: Tyydytt\u00e4v\u00e4, Ulkokuoressa vikoja<\/p>\n","protected":false},"featured_media":54086,"template":"","meta":{"_acf_changed":false},"product_brand":[],"product_cat":[91],"product_tag":[],"class_list":{"0":"post-54072","1":"product","2":"type-product","3":"status-publish","4":"has-post-thumbnail","6":"product_cat-olympia","7":"product_shipping_class-pakettiposti","9":"first","10":"instock","11":"shipping-taxable","12":"purchasable","13":"product-type-simple"},"acf":[],"_links":{"self":[{"href":"https:\/\/finncoin.com\/fi\/wp-json\/wp\/v2\/product\/54072","targetHints":{"allow":["GET"]}}],"collection":[{"href":"https:\/\/finncoin.com\/fi\/wp-json\/wp\/v2\/product"}],"about":[{"href":"https:\/\/finncoin.com\/fi\/wp-json\/wp\/v2\/types\/product"}],"wp:featuredmedia":[{"embeddable":true,"href":"https:\/\/finncoin.com\/fi\/wp-json\/wp\/v2\/media\/54086"}],"wp:attachment":[{"href":"https:\/\/finncoin.com\/fi\/wp-json\/wp\/v2\/media?parent=54072"}],"wp:term":[{"taxonomy":"product_brand","embeddable":true,"href":"https:\/\/finncoin.com\/fi\/wp-json\/wp\/v2\/product_brand?post=54072"},{"taxonomy":"product_cat","embeddable":true,"href":"https:\/\/finncoin.com\/fi\/wp-json\/wp\/v2\/product_cat?post=54072"},{"taxonomy":"product_tag","embeddable":true,"href":"https:\/\/finncoin.com\/fi\/wp-json\/wp\/v2\/product_tag?post=54072"}],"curies":[{"name":"wp","href":"https:\/\/api.w.org\/{rel}","templated":true}]}}