{"id":53210,"date":"2024-01-31T13:03:05","date_gmt":"2024-01-31T11:03:48","guid":{"rendered":"https:\/\/finncoin.com\/?post_type=product&#038;p=53210"},"modified":"2024-01-31T13:03:49","modified_gmt":"2024-01-31T11:03:49","slug":"10-markkaa-1980-litt-a-1072842350-alenius-hamalainen","status":"publish","type":"product","link":"https:\/\/finncoin.com\/fi\/product\/10-markkaa-1980-litt-a-1072842350-alenius-hamalainen\/","title":{"rendered":"10 Markkaa 1980 Litt A 1072842350 Alenius \u2013 H\u00e4m\u00e4l\u00e4inen"},"content":{"rendered":"","protected":false},"excerpt":{"rendered":"<p>SNY 147.3<\/p>\n<p>Kunto: 01<\/p>\n","protected":false},"featured_media":53208,"template":"","meta":{"_acf_changed":false},"product_brand":[],"product_cat":[824],"product_tag":[],"class_list":{"0":"post-53210","1":"product","2":"type-product","3":"status-publish","4":"has-post-thumbnail","6":"product_cat-1980-litt-a-fi","8":"first","9":"instock","10":"shipping-taxable","11":"purchasable","12":"product-type-simple"},"acf":[],"_links":{"self":[{"href":"https:\/\/finncoin.com\/fi\/wp-json\/wp\/v2\/product\/53210","targetHints":{"allow":["GET"]}}],"collection":[{"href":"https:\/\/finncoin.com\/fi\/wp-json\/wp\/v2\/product"}],"about":[{"href":"https:\/\/finncoin.com\/fi\/wp-json\/wp\/v2\/types\/product"}],"wp:featuredmedia":[{"embeddable":true,"href":"https:\/\/finncoin.com\/fi\/wp-json\/wp\/v2\/media\/53208"}],"wp:attachment":[{"href":"https:\/\/finncoin.com\/fi\/wp-json\/wp\/v2\/media?parent=53210"}],"wp:term":[{"taxonomy":"product_brand","embeddable":true,"href":"https:\/\/finncoin.com\/fi\/wp-json\/wp\/v2\/product_brand?post=53210"},{"taxonomy":"product_cat","embeddable":true,"href":"https:\/\/finncoin.com\/fi\/wp-json\/wp\/v2\/product_cat?post=53210"},{"taxonomy":"product_tag","embeddable":true,"href":"https:\/\/finncoin.com\/fi\/wp-json\/wp\/v2\/product_tag?post=53210"}],"curies":[{"name":"wp","href":"https:\/\/api.w.org\/{rel}","templated":true}]}}