{"id":52334,"date":"2024-01-19T14:05:38","date_gmt":"2024-01-19T12:05:38","guid":{"rendered":"https:\/\/finncoin.com\/?post_type=product&#038;p=52334"},"modified":"2026-02-10T07:53:06","modified_gmt":"2026-02-10T05:53:06","slug":"monaco-2015-2-e-ensimmainen-linna-800v-proof","status":"publish","type":"product","link":"https:\/\/finncoin.com\/fi\/product\/monaco-2015-2-e-ensimmainen-linna-800v-proof\/","title":{"rendered":"Monaco 2015 2 \u20ac Ensimm\u00e4inen linna 800v, PROOF"},"content":{"rendered":"","protected":false},"excerpt":{"rendered":"<p>Ly\u00f6ntim\u00e4\u00e4r\u00e4: 10.000 kpl, Proof-laatua<\/p>\n<p>25,75mm<\/p>\n<p>KM# 204<\/p>\n<p>Kunto: Proof,<strong>\u00a0ilman valkoinen kotelo<\/strong><\/p>\n","protected":false},"featured_media":52356,"template":"","meta":{"_acf_changed":false},"product_brand":[],"product_cat":[744],"product_tag":[],"class_list":{"0":"post-52334","1":"product","2":"type-product","3":"status-publish","4":"has-post-thumbnail","6":"product_cat-monaco-fi","7":"product_shipping_class-kirjeposti","9":"first","10":"outofstock","11":"shipping-taxable","12":"purchasable","13":"product-type-simple"},"acf":[],"_links":{"self":[{"href":"https:\/\/finncoin.com\/fi\/wp-json\/wp\/v2\/product\/52334","targetHints":{"allow":["GET"]}}],"collection":[{"href":"https:\/\/finncoin.com\/fi\/wp-json\/wp\/v2\/product"}],"about":[{"href":"https:\/\/finncoin.com\/fi\/wp-json\/wp\/v2\/types\/product"}],"wp:featuredmedia":[{"embeddable":true,"href":"https:\/\/finncoin.com\/fi\/wp-json\/wp\/v2\/media\/52356"}],"wp:attachment":[{"href":"https:\/\/finncoin.com\/fi\/wp-json\/wp\/v2\/media?parent=52334"}],"wp:term":[{"taxonomy":"product_brand","embeddable":true,"href":"https:\/\/finncoin.com\/fi\/wp-json\/wp\/v2\/product_brand?post=52334"},{"taxonomy":"product_cat","embeddable":true,"href":"https:\/\/finncoin.com\/fi\/wp-json\/wp\/v2\/product_cat?post=52334"},{"taxonomy":"product_tag","embeddable":true,"href":"https:\/\/finncoin.com\/fi\/wp-json\/wp\/v2\/product_tag?post=52334"}],"curies":[{"name":"wp","href":"https:\/\/api.w.org\/{rel}","templated":true}]}}