{"id":49234,"date":"2024-01-03T10:40:59","date_gmt":"2024-01-03T08:42:26","guid":{"rendered":"https:\/\/finncoin.com\/?post_type=product&#038;p=49234"},"modified":"2024-01-03T10:42:27","modified_gmt":"2024-01-03T08:42:27","slug":"olympia-kuvalehti-1948","status":"publish","type":"product","link":"https:\/\/finncoin.com\/fi\/product\/olympia-kuvalehti-1948\/","title":{"rendered":"Olympia kuvalehti 1948"},"content":{"rendered":"","protected":false},"excerpt":{"rendered":"<p class=\"MuiTypography-root MuiTypography-caption css-9nxnxv\">Sivum\u00e4\u00e4r\u00e4: 64<\/p>\n<p>Kunto: Tyydytt\u00e4v\u00e4<\/p>\n","protected":false},"featured_media":49232,"template":"","meta":{"_acf_changed":false},"product_brand":[],"product_cat":[91],"product_tag":[],"class_list":{"0":"post-49234","1":"product","2":"type-product","3":"status-publish","4":"has-post-thumbnail","6":"product_cat-olympia","8":"first","9":"instock","10":"shipping-taxable","11":"purchasable","12":"product-type-simple"},"acf":[],"_links":{"self":[{"href":"https:\/\/finncoin.com\/fi\/wp-json\/wp\/v2\/product\/49234","targetHints":{"allow":["GET"]}}],"collection":[{"href":"https:\/\/finncoin.com\/fi\/wp-json\/wp\/v2\/product"}],"about":[{"href":"https:\/\/finncoin.com\/fi\/wp-json\/wp\/v2\/types\/product"}],"wp:featuredmedia":[{"embeddable":true,"href":"https:\/\/finncoin.com\/fi\/wp-json\/wp\/v2\/media\/49232"}],"wp:attachment":[{"href":"https:\/\/finncoin.com\/fi\/wp-json\/wp\/v2\/media?parent=49234"}],"wp:term":[{"taxonomy":"product_brand","embeddable":true,"href":"https:\/\/finncoin.com\/fi\/wp-json\/wp\/v2\/product_brand?post=49234"},{"taxonomy":"product_cat","embeddable":true,"href":"https:\/\/finncoin.com\/fi\/wp-json\/wp\/v2\/product_cat?post=49234"},{"taxonomy":"product_tag","embeddable":true,"href":"https:\/\/finncoin.com\/fi\/wp-json\/wp\/v2\/product_tag?post=49234"}],"curies":[{"name":"wp","href":"https:\/\/api.w.org\/{rel}","templated":true}]}}