{"id":49028,"date":"2023-12-22T14:11:47","date_gmt":"2023-12-22T12:11:47","guid":{"rendered":"https:\/\/finncoin.com\/?post_type=product&#038;p=49028"},"modified":"2026-02-10T15:45:07","modified_gmt":"2026-02-10T13:45:07","slug":"1000-markkaa-1955-varivirhe","status":"publish","type":"product","link":"https:\/\/finncoin.com\/fi\/product\/1000-markkaa-1955-varivirhe\/","title":{"rendered":"1000 Markkaa 1955 V\u00e4rivirhe"},"content":{"rendered":"","protected":false},"excerpt":{"rendered":"<p>mielenkiintoinen virhe. Etupuoli on oikean v\u00e4rinen vihre\u00e4, mutta k\u00e4\u00e4nt\u00f6puoli on sininen, kun oikea v\u00e4ri on vihre\u00e4.<\/p>\n<p>Kunto: 1+<\/p>\n","protected":false},"featured_media":49038,"template":"","meta":{"_acf_changed":false},"product_brand":[],"product_cat":[177],"product_tag":[],"class_list":{"0":"post-49028","1":"product","2":"type-product","3":"status-publish","4":"has-post-thumbnail","6":"product_cat-valmistusvirheellisia-seteleita","7":"product_shipping_class-kirjeposti","9":"first","10":"outofstock","11":"shipping-taxable","12":"purchasable","13":"product-type-simple"},"acf":[],"_links":{"self":[{"href":"https:\/\/finncoin.com\/fi\/wp-json\/wp\/v2\/product\/49028","targetHints":{"allow":["GET"]}}],"collection":[{"href":"https:\/\/finncoin.com\/fi\/wp-json\/wp\/v2\/product"}],"about":[{"href":"https:\/\/finncoin.com\/fi\/wp-json\/wp\/v2\/types\/product"}],"wp:featuredmedia":[{"embeddable":true,"href":"https:\/\/finncoin.com\/fi\/wp-json\/wp\/v2\/media\/49038"}],"wp:attachment":[{"href":"https:\/\/finncoin.com\/fi\/wp-json\/wp\/v2\/media?parent=49028"}],"wp:term":[{"taxonomy":"product_brand","embeddable":true,"href":"https:\/\/finncoin.com\/fi\/wp-json\/wp\/v2\/product_brand?post=49028"},{"taxonomy":"product_cat","embeddable":true,"href":"https:\/\/finncoin.com\/fi\/wp-json\/wp\/v2\/product_cat?post=49028"},{"taxonomy":"product_tag","embeddable":true,"href":"https:\/\/finncoin.com\/fi\/wp-json\/wp\/v2\/product_tag?post=49028"}],"curies":[{"name":"wp","href":"https:\/\/api.w.org\/{rel}","templated":true}]}}