{"id":4833,"date":"2022-06-04T12:39:24","date_gmt":"2022-06-04T09:40:51","guid":{"rendered":"http:\/\/finncoin.com.wwwdev.csh.fi\/?post_type=product&#038;p=4833"},"modified":"2022-06-04T12:40:51","modified_gmt":"2022-06-04T09:40:51","slug":"1987-m-vuosisarja-venajankielinen-3","status":"publish","type":"product","link":"https:\/\/finncoin.com\/fi\/product\/1987-m-vuosisarja-venajankielinen-3\/","title":{"rendered":"1987 M Vuosisarja Ven\u00e4j\u00e4nkielinen"},"content":{"rendered":"","protected":false},"excerpt":{"rendered":"<p>Kunto: Tyydytt\u00e4v\u00e4, Naarmuja<\/p>\n<p>tuotenumero 003<\/p>\n","protected":false},"featured_media":4831,"template":"","meta":{"_acf_changed":false},"product_brand":[],"product_cat":[159],"product_tag":[],"class_list":{"0":"post-4833","1":"product","2":"type-product","3":"status-publish","4":"has-post-thumbnail","6":"product_cat-rahasarjat","8":"first","9":"instock","10":"sold-individually","11":"shipping-taxable","12":"purchasable","13":"product-type-simple"},"acf":[],"_links":{"self":[{"href":"https:\/\/finncoin.com\/fi\/wp-json\/wp\/v2\/product\/4833","targetHints":{"allow":["GET"]}}],"collection":[{"href":"https:\/\/finncoin.com\/fi\/wp-json\/wp\/v2\/product"}],"about":[{"href":"https:\/\/finncoin.com\/fi\/wp-json\/wp\/v2\/types\/product"}],"wp:featuredmedia":[{"embeddable":true,"href":"https:\/\/finncoin.com\/fi\/wp-json\/wp\/v2\/media\/4831"}],"wp:attachment":[{"href":"https:\/\/finncoin.com\/fi\/wp-json\/wp\/v2\/media?parent=4833"}],"wp:term":[{"taxonomy":"product_brand","embeddable":true,"href":"https:\/\/finncoin.com\/fi\/wp-json\/wp\/v2\/product_brand?post=4833"},{"taxonomy":"product_cat","embeddable":true,"href":"https:\/\/finncoin.com\/fi\/wp-json\/wp\/v2\/product_cat?post=4833"},{"taxonomy":"product_tag","embeddable":true,"href":"https:\/\/finncoin.com\/fi\/wp-json\/wp\/v2\/product_tag?post=4833"}],"curies":[{"name":"wp","href":"https:\/\/api.w.org\/{rel}","templated":true}]}}