{"id":48100,"date":"2023-12-14T13:16:02","date_gmt":"2023-12-14T11:18:56","guid":{"rendered":"https:\/\/finncoin.com\/?post_type=product&#038;p=48100"},"modified":"2023-12-14T13:18:57","modified_gmt":"2023-12-14T11:18:57","slug":"monaco-2-e-2012-lucien-grimaldi-proof","status":"publish","type":"product","link":"https:\/\/finncoin.com\/fi\/product\/monaco-2-e-2012-lucien-grimaldi-proof\/","title":{"rendered":"Monaco 2 \u20ac 2012 Lucien Grimaldi, Proof"},"content":{"rendered":"","protected":false},"excerpt":{"rendered":"<p>Ly\u00f6ntim\u00e4\u00e4r\u00e4: 10.000 kpl, Proof-laatua<\/p>\n<p>25,75mm<\/p>\n<p>Kunto: Proof,<strong> ilman valkoinen kotelo<\/strong><\/p>\n","protected":false},"featured_media":48098,"template":"","meta":{"_acf_changed":false},"product_brand":[],"product_cat":[744],"product_tag":[],"class_list":{"0":"post-48100","1":"product","2":"type-product","3":"status-publish","4":"has-post-thumbnail","6":"product_cat-monaco-fi","8":"first","9":"instock","10":"shipping-taxable","11":"purchasable","12":"product-type-simple"},"acf":[],"_links":{"self":[{"href":"https:\/\/finncoin.com\/fi\/wp-json\/wp\/v2\/product\/48100","targetHints":{"allow":["GET"]}}],"collection":[{"href":"https:\/\/finncoin.com\/fi\/wp-json\/wp\/v2\/product"}],"about":[{"href":"https:\/\/finncoin.com\/fi\/wp-json\/wp\/v2\/types\/product"}],"wp:featuredmedia":[{"embeddable":true,"href":"https:\/\/finncoin.com\/fi\/wp-json\/wp\/v2\/media\/48098"}],"wp:attachment":[{"href":"https:\/\/finncoin.com\/fi\/wp-json\/wp\/v2\/media?parent=48100"}],"wp:term":[{"taxonomy":"product_brand","embeddable":true,"href":"https:\/\/finncoin.com\/fi\/wp-json\/wp\/v2\/product_brand?post=48100"},{"taxonomy":"product_cat","embeddable":true,"href":"https:\/\/finncoin.com\/fi\/wp-json\/wp\/v2\/product_cat?post=48100"},{"taxonomy":"product_tag","embeddable":true,"href":"https:\/\/finncoin.com\/fi\/wp-json\/wp\/v2\/product_tag?post=48100"}],"curies":[{"name":"wp","href":"https:\/\/api.w.org\/{rel}","templated":true}]}}