{"id":45430,"date":"2023-11-06T12:31:50","date_gmt":"2023-11-06T10:31:50","guid":{"rendered":"https:\/\/finncoin.com\/?post_type=product&#038;p=45430"},"modified":"2023-11-06T12:31:50","modified_gmt":"2023-11-06T10:31:50","slug":"helsingin-olympialaiset-1952-olympiahuivi-16","status":"publish","type":"product","link":"https:\/\/finncoin.com\/fi\/product\/helsingin-olympialaiset-1952-olympiahuivi-16\/","title":{"rendered":"Helsingin olympialaiset 1952, Olympiahuivi"},"content":{"rendered":"","protected":false},"excerpt":{"rendered":"<p>75cm<\/p>\n<p>Kunto: Tyydytt\u00e4v\u00e4, pieni reiki\u00e4<\/p>\n","protected":false},"featured_media":45436,"template":"","meta":{"_acf_changed":false},"product_brand":[],"product_cat":[91],"product_tag":[],"class_list":{"0":"post-45430","1":"product","2":"type-product","3":"status-publish","4":"has-post-thumbnail","6":"product_cat-olympia","7":"product_shipping_class-kirjeposti","9":"first","10":"instock","11":"shipping-taxable","12":"purchasable","13":"product-type-simple"},"acf":[],"_links":{"self":[{"href":"https:\/\/finncoin.com\/fi\/wp-json\/wp\/v2\/product\/45430","targetHints":{"allow":["GET"]}}],"collection":[{"href":"https:\/\/finncoin.com\/fi\/wp-json\/wp\/v2\/product"}],"about":[{"href":"https:\/\/finncoin.com\/fi\/wp-json\/wp\/v2\/types\/product"}],"wp:featuredmedia":[{"embeddable":true,"href":"https:\/\/finncoin.com\/fi\/wp-json\/wp\/v2\/media\/45436"}],"wp:attachment":[{"href":"https:\/\/finncoin.com\/fi\/wp-json\/wp\/v2\/media?parent=45430"}],"wp:term":[{"taxonomy":"product_brand","embeddable":true,"href":"https:\/\/finncoin.com\/fi\/wp-json\/wp\/v2\/product_brand?post=45430"},{"taxonomy":"product_cat","embeddable":true,"href":"https:\/\/finncoin.com\/fi\/wp-json\/wp\/v2\/product_cat?post=45430"},{"taxonomy":"product_tag","embeddable":true,"href":"https:\/\/finncoin.com\/fi\/wp-json\/wp\/v2\/product_tag?post=45430"}],"curies":[{"name":"wp","href":"https:\/\/api.w.org\/{rel}","templated":true}]}}